{"id":7934,"date":"2024-12-23T10:32:51","date_gmt":"2024-12-23T09:32:51","guid":{"rendered":"https:\/\/sei.rs\/projekti-2018-plandiste\/"},"modified":"2025-03-11T09:41:04","modified_gmt":"2025-03-11T08:41:04","slug":"project-2018-plandiste","status":"publish","type":"page","link":"https:\/\/sei.rs\/en\/projects\/project-2018-plandiste\/","title":{"rendered":"Plandi\u0161te"},"content":{"rendered":"<div class=\"wpb-content-wrapper\">[vc_row full_width=&#8221;stretch_row&#8221; content_placement=&#8221;middle&#8221; equal_height=&#8221;yes&#8221; disable_element=&#8221;yes&#8221;][vc_column css_animation=&#8221;none&#8221; css=&#8221;.vc_custom_1732877050445{padding-top: 30px !important;padding-bottom: 30px !important;}&#8221;][vc_column_text css_animation=&#8221;none&#8221; css=&#8221;&#8221; font_weight=&#8221;500&#8243; text_align=&#8221;center&#8221; el_class=&#8221;projects-titles&#8221;]\n<h3>Rekonstrukcija, racionalizacija i odr\u017eavanje javnog osvetljenja u naseljenim mestima op\u0161tine Plandi\u0161te<\/h3>\n[\/vc_column_text][\/vc_column][\/vc_row][vc_row full_width=&#8221;stretch_row_content&#8221; content_placement=&#8221;middle&#8221; column_spacing=&#8221;10&#8243; gap=&#8221;30&#8243; equal_height=&#8221;yes&#8221; el_class=&#8221;projects-row1&#8243;][vc_column css_animation=&#8221;fadeInRight&#8221; css=&#8221;.vc_custom_1734107623120{border-top-width: 3px !important;border-right-width: 3px !important;border-bottom-width: 3px !important;border-left-width: 3px !important;padding-top: 10px !important;padding-right: 10px !important;padding-bottom: 10px !important;padding-left: 10px !important;background-color: #FFFFFF !important;border-left-style: solid !important;border-right-style: solid !important;border-top-style: solid !important;border-bottom-style: solid !important;border-radius: 30px !important;border-color: #55C5EC !important;}&#8221; offset=&#8221;vc_col-lg-3 vc_col-md-6&#8243;][vc_column_text css=&#8221;.vc_custom_1741682360408{margin-bottom: 0px !important;padding-top: 30px !important;padding-bottom: 15px !important;}&#8221; text_align=&#8221;center&#8221; font_family=&#8221;Century Gothic, CenturyGothic, AppleGothic, sans-serif&#8221; font_weight=&#8221;500&#8243; el_class=&#8221;milestone-elementsb&#8221; font_size=&#8221;20px&#8221;]Reconstruction, rationalization, and maintenance of public lighting in the populated areas of the city of Plandi\u0161te[\/vc_column_text]<figure class=\"vcex-image vcex-module wpex-text-center\"><div class=\"vcex-image-inner wpex-relative wpex-inline-block vc_custom_1739281375920\"><img width=\"282\" height=\"169\" src=\"https:\/\/sei.rs\/images\/sei-projekti-2018-plandiste.webp\" class=\"vcex-image-img wpex-align-middle\" alt=\"\" loading=\"lazy\" decoding=\"async\" \/><\/div><\/figure>[\/vc_column][vc_column css_animation=&#8221;fadeInRight&#8221; css=&#8221;.vc_custom_1734107627769{padding-top: 10px !important;padding-right: 10px !important;padding-bottom: 10px !important;padding-left: 10px !important;background-color: #89CDA1 !important;border-radius: 30px !important;}&#8221; el_class=&#8221;milestone-columns&#8221; offset=&#8221;vc_col-lg-3 vc_col-md-6&#8243;]<style>.vcex-image.vcex_69f3752b28805 .vcex-image-inner{max-width:150px;}.vcex-image.vcex_69f3752b28805 .vcex-image-img{height:150px;}<\/style><figure class=\"vcex-image vcex-module wpex-text-center vcex_69f3752b28805\"><div class=\"vcex-image-inner wpex-relative wpex-inline-block vc_custom_1738075722720\"><img width=\"600\" height=\"600\" src=\"https:\/\/sei.rs\/images\/sei-projekti-godisnja-usteda-elektricne-energije-white.webp\" class=\"vcex-image-img wpex-align-middle wpex-object-cover\" alt=\"\" loading=\"lazy\" decoding=\"async\" srcset=\"https:\/\/sei.rs\/images\/sei-projekti-godisnja-usteda-elektricne-energije-white.webp 600w, https:\/\/sei.rs\/images\/sei-projekti-godisnja-usteda-elektricne-energije-white-150x150.webp 150w, https:\/\/sei.rs\/images\/sei-projekti-godisnja-usteda-elektricne-energije-white-200x200.webp 200w, https:\/\/sei.rs\/images\/sei-projekti-godisnja-usteda-elektricne-energije-white-100x100.webp 100w\" sizes=\"auto, (max-width: 600px) 100vw, 600px\" \/><\/div><\/figure>[vc_column_text css=&#8221;.vc_custom_1741682374056{padding-bottom: 15px !important;}&#8221; font_family=&#8221;Century Gothic, CenturyGothic, AppleGothic, sans-serif&#8221; font_weight=&#8221;500&#8243; el_class=&#8221;milestone-elements&#8221; text_align=&#8221;center&#8221; font_size=&#8221;20px&#8221;]Guaranteed annual electricity savings of <span style=\"font-family: Quicksand; font-weight: bold; font-size: 2rem;\">77%<\/span>\u00a0i.e.,[\/vc_column_text]<style>.vcex-milestone.vcex_69f3752b28f70 .vcex-milestone-number{font-family:Quicksand;font-size:2rem;font-weight:700;margin-block-end:0px;}<\/style><div class=\"vcex-module vcex-milestone wpex-text-center wpex-mb-0 wpex-p-0 milestone-elements vcex_69f3752b28f70\"><div class=\"vcex-milestone-inner wpex-inline-block\"><div class=\"vcex-milestone-desc\"><div class=\"vcex-milestone-number wpex-leading-none\"><span class=\"vcex-milestone-time vcex-countup\" data-options=\"{&quot;startVal&quot;:0,&quot;endVal&quot;:&quot;680800.28&quot;,&quot;duration&quot;:2,&quot;decimals&quot;:2,&quot;separator&quot;:&quot;.&quot;,&quot;decimal&quot;:&quot;,&quot;,&quot;animateOnScroll&quot;:false}\" aria-hidden=\"true\"><\/span><span class=\"screen-reader-text\">680800.28<\/span><\/div><\/div><\/div><\/div>[vc_column_text css=&#8221;&#8221; font_family=&#8221;Century Gothic, CenturyGothic, AppleGothic, sans-serif&#8221; font_weight=&#8221;400&#8243; el_class=&#8221;milestone-elements&#8221; text_align=&#8221;center&#8221; font_size=&#8221;20px&#8221;]kWh[\/vc_column_text][\/vc_column][vc_column css_animation=&#8221;fadeInRight&#8221; css=&#8221;.vc_custom_1734107631873{border-top-width: 3px !important;border-right-width: 3px !important;border-bottom-width: 3px !important;border-left-width: 3px !important;padding-top: 10px !important;padding-right: 10px !important;padding-bottom: 10px !important;padding-left: 10px !important;background-color: #FFFFFF !important;border-left-style: solid !important;border-right-style: solid !important;border-top-style: solid !important;border-bottom-style: solid !important;border-radius: 30px !important;border-color: #55C5EC !important;}&#8221; el_class=&#8221;milestone-columns&#8221; offset=&#8221;vc_col-lg-3 vc_col-md-6&#8243;]<style>.vcex-image.vcex_69f3752b29507 .vcex-image-inner{max-width:140px;}.vcex-image.vcex_69f3752b29507 .vcex-image-img{height:140px;}<\/style><figure class=\"vcex-image vcex-module wpex-text-center vcex_69f3752b29507\"><div class=\"vcex-image-inner wpex-relative wpex-inline-block vc_custom_1738075423120\"><img width=\"600\" height=\"600\" src=\"https:\/\/sei.rs\/images\/sei-projekti-ukupna-usteda-elektricne-energije.webp\" class=\"vcex-image-img wpex-align-middle wpex-object-cover\" alt=\"\" loading=\"lazy\" decoding=\"async\" srcset=\"https:\/\/sei.rs\/images\/sei-projekti-ukupna-usteda-elektricne-energije.webp 600w, https:\/\/sei.rs\/images\/sei-projekti-ukupna-usteda-elektricne-energije-100x100.webp 100w, https:\/\/sei.rs\/images\/sei-projekti-ukupna-usteda-elektricne-energije-130x130.webp 130w, https:\/\/sei.rs\/images\/sei-projekti-ukupna-usteda-elektricne-energije-150x150.webp 150w\" sizes=\"auto, (max-width: 600px) 100vw, 600px\" \/><\/div><\/figure>[vc_column_text css=&#8221;.vc_custom_1741682380389{padding-bottom: 15px !important;}&#8221; text_align=&#8221;center&#8221; font_family=&#8221;Century Gothic, CenturyGothic, AppleGothic, sans-serif&#8221; font_weight=&#8221;500&#8243; el_class=&#8221;milestone-elementsb&#8221; font_size=&#8221;20px&#8221;]Total electricity savings of the project[\/vc_column_text]<style>.vcex-milestone.vcex_69f3752b29a0b .vcex-milestone-number{font-family:Quicksand;font-size:2rem;font-weight:700;}@media (max-width:959px){.vcex-milestone.vcex_69f3752b29a0b .vcex-milestone-number{font-size:2rem;}}<\/style><div class=\"vcex-module vcex-milestone wpex-text-center milestone-elementsb vcex_69f3752b29a0b\"><div class=\"vcex-milestone-inner wpex-inline-block\"><div class=\"vcex-milestone-desc\"><div class=\"vcex-milestone-number wpex-leading-none\"><span class=\"vcex-milestone-time vcex-countup\" data-options=\"{&quot;startVal&quot;:0,&quot;endVal&quot;:&quot;6808002.8&quot;,&quot;duration&quot;:2,&quot;decimals&quot;:2,&quot;separator&quot;:&quot;.&quot;,&quot;decimal&quot;:&quot;,&quot;,&quot;animateOnScroll&quot;:false}\" aria-hidden=\"true\"><\/span><span class=\"screen-reader-text\">6808002.8<\/span><\/div><\/div><\/div><\/div>[vc_column_text css=&#8221;&#8221; font_family=&#8221;Century Gothic, CenturyGothic, AppleGothic, sans-serif&#8221; font_weight=&#8221;400&#8243; el_class=&#8221;milestone-elementsb&#8221; text_align=&#8221;center&#8221; font_size=&#8221;20px&#8221;]kWh[\/vc_column_text][\/vc_column][vc_column css_animation=&#8221;fadeInRight&#8221; css=&#8221;.vc_custom_1734107634780{border-top-width: 3px !important;border-right-width: 3px !important;border-bottom-width: 3px !important;border-left-width: 3px !important;padding-top: 10px !important;padding-right: 10px !important;padding-bottom: 10px !important;padding-left: 10px !important;background-color: #FFFFFF !important;border-left-style: solid !important;border-right-style: solid !important;border-top-style: solid !important;border-bottom-style: solid !important;border-radius: 30px !important;border-color: #89CDA1 !important;}&#8221; el_class=&#8221;milestone-columns&#8221; offset=&#8221;vc_col-lg-3 vc_col-md-6&#8243;]<style>.vcex-image.vcex_69f3752b29c2f .vcex-image-inner{max-width:130px;}.vcex-image.vcex_69f3752b29c2f .vcex-image-img{height:130px;}<\/style><figure class=\"vcex-image vcex-module wpex-text-center vcex_69f3752b29c2f\"><div class=\"vcex-image-inner wpex-relative wpex-inline-block vc_custom_1738075602130\"><img width=\"600\" height=\"600\" src=\"https:\/\/sei.rs\/images\/sei-projekti-smanjena-emisija-co2.webp\" class=\"vcex-image-img wpex-align-middle wpex-object-cover\" alt=\"\" loading=\"lazy\" decoding=\"async\" srcset=\"https:\/\/sei.rs\/images\/sei-projekti-smanjena-emisija-co2.webp 600w, https:\/\/sei.rs\/images\/sei-projekti-smanjena-emisija-co2-200x200.webp 200w, https:\/\/sei.rs\/images\/sei-projekti-smanjena-emisija-co2-150x150.webp 150w, https:\/\/sei.rs\/images\/sei-projekti-smanjena-emisija-co2-100x100.webp 100w\" sizes=\"auto, (max-width: 600px) 100vw, 600px\" \/><\/div><\/figure>[vc_column_text css=&#8221;.vc_custom_1741682397019{padding-bottom: 15px !important;}&#8221; text_align=&#8221;center&#8221; font_family=&#8221;Century Gothic, CenturyGothic, AppleGothic, sans-serif&#8221; font_weight=&#8221;500&#8243; el_class=&#8221;milestone-elementsg&#8221; font_size=&#8221;20px&#8221;]The project reduces CO<span style=\"font-size: 0.5em;\">2<\/span> emissions by <span style=\"font-family: Quicksand; font-weight: bold; font-size: 2rem;\">77%<\/span> i.e., a total of[\/vc_column_text]<style>.vcex-milestone.vcex_69f3752b2a120 .vcex-milestone-number{font-family:Quicksand;font-size:2rem;font-weight:700;}@media (max-width:959px){.vcex-milestone.vcex_69f3752b2a120 .vcex-milestone-number{font-size:2rem;}}<\/style><div class=\"vcex-module vcex-milestone wpex-text-center milestone-elementsg vcex_69f3752b2a120\"><div class=\"vcex-milestone-inner wpex-inline-block\"><div class=\"vcex-milestone-desc\"><div class=\"vcex-milestone-number wpex-leading-none\"><span class=\"vcex-milestone-time vcex-countup\" data-options=\"{&quot;startVal&quot;:0,&quot;endVal&quot;:&quot;7482.00&quot;,&quot;duration&quot;:2,&quot;decimals&quot;:2,&quot;separator&quot;:&quot;.&quot;,&quot;decimal&quot;:&quot;,&quot;,&quot;animateOnScroll&quot;:false}\" aria-hidden=\"true\"><\/span><span class=\"screen-reader-text\">7482.00<\/span><\/div><\/div><\/div><\/div>[vc_column_text css=&#8221;.vc_custom_1741682403706{margin-bottom: 20px !important;}&#8221; text_align=&#8221;center&#8221; font_family=&#8221;Century Gothic, CenturyGothic, AppleGothic, sans-serif&#8221; font_weight=&#8221;500&#8243; el_class=&#8221;milestone-elementsg&#8221; font_size=&#8221;20px&#8221;]tons of CO<span style=\"font-size: 0.5em;\">2<\/span>[\/vc_column_text][\/vc_column][vc_column css_animation=&#8221;fadeInRight&#8221; css=&#8221;.vc_custom_1734107637952{padding-top: 10px !important;padding-right: 10px !important;padding-bottom: 10px !important;padding-left: 10px !important;background-color: #55C5EC !important;border-radius: 30px !important;}&#8221; offset=&#8221;vc_col-lg-3 vc_col-md-6&#8243;]<style>.vcex-image.vcex_69f3752b2a349 .vcex-image-inner{max-width:120px;}.vcex-image.vcex_69f3752b2a349 .vcex-image-img{height:120px;}<\/style><figure class=\"vcex-image vcex-module wpex-text-center vcex_69f3752b2a349\"><div class=\"vcex-image-inner wpex-relative wpex-inline-block vc_custom_1738075578198\"><img width=\"600\" height=\"600\" src=\"https:\/\/sei.rs\/images\/sei-projekti-upravljacki-sistemi.webp\" class=\"vcex-image-img wpex-align-middle wpex-object-cover\" alt=\"\" loading=\"lazy\" decoding=\"async\" srcset=\"https:\/\/sei.rs\/images\/sei-projekti-upravljacki-sistemi.webp 600w, https:\/\/sei.rs\/images\/sei-projekti-upravljacki-sistemi-100x100.webp 100w, https:\/\/sei.rs\/images\/sei-projekti-upravljacki-sistemi-200x200.webp 200w\" sizes=\"auto, (max-width: 600px) 100vw, 600px\" \/><\/div><\/figure>[vc_column_text css=&#8221;.vc_custom_1741682422768{padding-bottom: 15px !important;}&#8221; text_align=&#8221;center&#8221; font_family=&#8221;Century Gothic, CenturyGothic, AppleGothic, sans-serif&#8221; font_weight=&#8221;500&#8243; el_class=&#8221;milestone-elements&#8221; font_size=&#8221;20px&#8221;]<span style=\"font-family: Quicksand; font-weight: bold; font-size: 2rem;\">1.328<\/span> Schreder light fixtures and <span style=\"font-family: Quicksand; font-weight: bold; font-size: 2rem;\">29<\/span> control systems implemented.<br \/>\n205% BETTER LIGHTING[\/vc_column_text][\/vc_column][vc_column css_animation=&#8221;fadeInRight&#8221; css=&#8221;.vc_custom_1734107640674{padding-top: 10px !important;padding-right: 10px !important;padding-bottom: 10px !important;padding-left: 10px !important;background-color: #89CDA1 !important;border-radius: 30px !important;}&#8221; el_class=&#8221;milestone-columns&#8221; offset=&#8221;vc_col-lg-3 vc_col-md-6&#8243;]<style>.vcex-image.vcex_69f3752b2a831 .vcex-image-inner{max-width:140px;}.vcex-image.vcex_69f3752b2a831 .vcex-image-img{height:140px;}<\/style><figure class=\"vcex-image vcex-module wpex-text-center vcex_69f3752b2a831\"><div class=\"vcex-image-inner wpex-relative wpex-inline-block vc_custom_1738075744558\"><img width=\"600\" height=\"600\" src=\"https:\/\/sei.rs\/images\/sei-projekti-usteda.webp\" class=\"vcex-image-img wpex-align-middle wpex-object-cover\" alt=\"\" loading=\"lazy\" decoding=\"async\" srcset=\"https:\/\/sei.rs\/images\/sei-projekti-usteda.webp 600w, https:\/\/sei.rs\/images\/sei-projekti-usteda-100x100.webp 100w\" sizes=\"auto, (max-width: 600px) 100vw, 600px\" \/><\/div><\/figure>[vc_column_text css=&#8221;.vc_custom_1741682430595{padding-bottom: 15px !important;}&#8221; text_align=&#8221;center&#8221; font_family=&#8221;Century Gothic, CenturyGothic, AppleGothic, sans-serif&#8221; font_weight=&#8221;500&#8243; el_class=&#8221;milestone-elements&#8221; font_size=&#8221;20px&#8221;]Achieved financial savings so far for the public partner <span style=\"font-family: Quicksand; font-weight: bold; font-size: 2rem;\">213.611,06\u20ac<\/span>[\/vc_column_text][\/vc_column][vc_column css_animation=&#8221;fadeInRight&#8221; css=&#8221;.vc_custom_1734107643000{border-top-width: 3px !important;border-right-width: 3px !important;border-bottom-width: 3px !important;border-left-width: 3px !important;padding-top: 10px !important;padding-right: 10px !important;padding-bottom: 10px !important;padding-left: 10px !important;background-color: #FFFFFF !important;border-left-style: solid !important;border-right-style: solid !important;border-top-style: solid !important;border-bottom-style: solid !important;border-radius: 30px !important;border-color: #55C5EC !important;}&#8221; offset=&#8221;vc_col-lg-3 vc_col-md-6&#8243;][vc_column_text css=&#8221;.vc_custom_1741682437237{padding-bottom: 5px !important;}&#8221; text_align=&#8221;left&#8221; font_family=&#8221;Century Gothic, CenturyGothic, AppleGothic, sans-serif&#8221; font_weight=&#8221;500&#8243; el_class=&#8221;milestone-elementsb&#8221; font_size=&#8221;20px&#8221;]Preparation phase[\/vc_column_text]<style>.vcex-skillbar-wrap.vcex_69f3752b2ada6 .vcex-skillbar-bar{background-color:#55c5ec;}.vcex-skillbar-wrap.vcex_69f3752b2ada6 .vcex-skillbar-title{color:#333333;}.vcex-skillbar-wrap.vcex_69f3752b2ada6 .vcex-skill-bar-percent{font-size:1rem;}<\/style><div class=\"vcex-module vcex-skillbar-wrap wpex-mb-10 vcex-skillbar-style-default vcex_69f3752b2ada6\"><div class=\"vcex-skillbar vcex-skillbar--animated wpex-block wpex-relative wpex-surface-2 wpex-shadow-inner wpex-text-white wpex-rounded-full wpex-overflow-hidden\" data-percent=\"100&#037;\"><div class=\"vcex-skillbar-bar wpex-relative wpex-w-0 wpex-h-100 wpex-bg-accent wpex-text-white wpex-transition-width wpex-duration-700 wpex-rounded-full\"><div class=\"vcex-skill-bar-percent wpex-absolute wpex-top-50 -wpex-translate-y-50 wpex-right-0 wpex-mr-15\">100&#37;<\/div><\/div><div class=\"vcex-skillbar-title wpex-absolute wpex-top-50 -wpex-translate-y-50 wpex-left-0\"><div class=\"vcex-skillbar-title-inner wpex-px-15\"><\/div><\/div><\/div><\/div>[vc_column_text css=&#8221;.vc_custom_1741682442602{padding-bottom: 5px !important;}&#8221; text_align=&#8221;left&#8221; font_family=&#8221;Century Gothic, CenturyGothic, AppleGothic, sans-serif&#8221; font_weight=&#8221;500&#8243; el_class=&#8221;milestone-elementsb&#8221; font_size=&#8221;20px&#8221;]Implementation phase[\/vc_column_text]<style>.vcex-skillbar-wrap.vcex_69f3752b2af4b .vcex-skillbar-bar{background-color:#55c5ec;}.vcex-skillbar-wrap.vcex_69f3752b2af4b .vcex-skillbar-title{color:#333333;}.vcex-skillbar-wrap.vcex_69f3752b2af4b .vcex-skill-bar-percent{font-size:1rem;}<\/style><div class=\"vcex-module vcex-skillbar-wrap wpex-mb-10 vcex-skillbar-style-default vcex_69f3752b2af4b\"><div class=\"vcex-skillbar vcex-skillbar--animated wpex-block wpex-relative wpex-surface-2 wpex-shadow-inner wpex-text-white wpex-rounded-full wpex-overflow-hidden\" data-percent=\"100&#037;\"><div class=\"vcex-skillbar-bar wpex-relative wpex-w-0 wpex-h-100 wpex-bg-accent wpex-text-white wpex-transition-width wpex-duration-700 wpex-rounded-full\"><div class=\"vcex-skill-bar-percent wpex-absolute wpex-top-50 -wpex-translate-y-50 wpex-right-0 wpex-mr-15\">100&#37;<\/div><\/div><div class=\"vcex-skillbar-title wpex-absolute wpex-top-50 -wpex-translate-y-50 wpex-left-0\"><div class=\"vcex-skillbar-title-inner wpex-px-15\"><\/div><\/div><\/div><\/div>[vc_column_text css=&#8221;.vc_custom_1741682449691{padding-bottom: 5px !important;}&#8221; text_align=&#8221;left&#8221; font_family=&#8221;Century Gothic, CenturyGothic, AppleGothic, sans-serif&#8221; font_weight=&#8221;500&#8243; el_class=&#8221;milestone-elementsb&#8221; font_size=&#8221;20px&#8221;]Guarantee phase[\/vc_column_text]<style>.vcex-skillbar-wrap.vcex_69f3752b2b0c3 .vcex-skillbar-bar{background-color:#55c5ec;}.vcex-skillbar-wrap.vcex_69f3752b2b0c3 .vcex-skillbar-title{color:#ffffff;}.vcex-skillbar-wrap.vcex_69f3752b2b0c3 .vcex-skill-bar-percent{font-size:1rem;color:#55c5ec;}<\/style><div class=\"vcex-module vcex-skillbar-wrap wpex-mb-10 vcex-skillbar-style-default vcex_69f3752b2b0c3\"><div class=\"vcex-skillbar vcex-skillbar--animated wpex-block wpex-relative wpex-surface-2 wpex-shadow-inner wpex-text-white wpex-rounded-full wpex-overflow-hidden\" data-percent=\"59&#037;\"><div class=\"vcex-skillbar-bar wpex-relative wpex-w-0 wpex-h-100 wpex-bg-accent wpex-text-white wpex-transition-width wpex-duration-700 wpex-rounded-full\"><div class=\"vcex-skill-bar-percent wpex-absolute wpex-top-50 -wpex-translate-y-50 wpex-right-0 wpex-mr-15\">59&#37;<\/div><\/div><div class=\"vcex-skillbar-title wpex-absolute wpex-top-50 -wpex-translate-y-50 wpex-left-0\"><div class=\"vcex-skillbar-title-inner wpex-px-15\">59.88%<\/div><\/div><\/div><\/div>[\/vc_column][vc_column css_animation=&#8221;fadeInRight&#8221; css=&#8221;.vc_custom_1739886059128{padding-top: 20px !important;padding-right: 20px !important;padding-bottom: 20px !important;padding-left: 20px !important;background-color: #89CDA1 !important;border-radius: 30px !important;}&#8221; offset=&#8221;vc_col-lg-3 vc_col-md-6&#8243;][vc_column_text css=&#8221;.vc_custom_1741682455536{padding-bottom: 15px !important;}&#8221; text_align=&#8221;center&#8221; font_family=&#8221;Century Gothic, CenturyGothic, AppleGothic, sans-serif&#8221; font_weight=&#8221;500&#8243; el_class=&#8221;milestone-elements&#8221; font_size=&#8221;20px&#8221;]Current savings achieved on the project:[\/vc_column_text][vc_column_text css=&#8221;&#8221;]\r\n\t\t<div id=\"jellyfish-counter-shortcode-1777562923\"\r\n\t\t\tclass=\"jellyfish-counter\"\r\n\t\t\tdata-digits=\"10\"\r\n\t\t\tdata-format=\"\"\r\n\t\t\tdata-tenths=\"1\"\r\n\t\t\tdata-digit-height=\"40\"\r\n\t\t\tdata-digit-width=\"30\"\r\n\t\t\tdata-digit-padding=\"0\"\r\n\t\t\tdata-digit-style=\"\"\r\n\t\t\tdata-alignment=\"center\"\r\n\t\t\tdata-bustedness=\"2\"\r\n\t\t\tdata-flat=\"\"\r\n\t\t\tdata-wait-time=\"20\"\r\n\t\t\tdata-start-value=\"4267591\"\r\n\t\t\tdata-end-value=\"9999999999\"\r\n\t\t\tdata-direction=\"up\"\r\n\t\t\tdata-timestamp=\"\"\r\n\t\t\tdata-active=\"1\"\r\n\t\t\tdata-tick-multiplier=\"1\"\r\n\t\t\tdata-interval=\"47\">\r\n\t\t<\/div>\n[\/vc_column_text][vc_column_text css=&#8221;&#8221; font_family=&#8221;Century Gothic, CenturyGothic, AppleGothic, sans-serif&#8221; font_weight=&#8221;400&#8243; el_class=&#8221;milestone-elements&#8221; text_align=&#8221;center&#8221; font_size=&#8221;20px&#8221;]kWh[\/vc_column_text][\/vc_column][\/vc_row][vc_row content_placement=&#8221;middle&#8221; equal_height=&#8221;yes&#8221; css=&#8221;.vc_custom_1734107700541{margin-top: 40px !important;padding-right: 25% !important;padding-left: 25% !important;}&#8221;][vc_column css_animation=&#8221;fadeIn&#8221; css=&#8221;.vc_custom_1733144263085{padding-top: 30px !important;padding-bottom: 30px !important;}&#8221; animation_duration=&#8221;5&#8243;]<div class=\"wpex-template-shortcode\"><style type=\"text\/css\" data-type=\"vc_shortcodes-custom-css\">.vc_custom_1741679627723{padding-right: 15% !important;padding-left: 15% !important;}.vc_custom_1740066669631{padding-top: 40px !important;}<\/style><div class=\"vc_row wpb_row vc_row-fluid wpex-relative\"><div class=\"wpb_column vc_column_container vc_col-sm-12\"><div class=\"vc_column-inner\"><div class=\"wpb_wrapper\"><figure class=\"vcex-image vcex-module wpex-text-center\"><div class=\"vcex-image-inner wpex-relative wpex-inline-block vc_custom_1741679627723\"><img src=\"\/images\/sei-lets-seiv-together.webp\" class=\"vcex-image-img wpex-align-middle\" alt=\"\" load=\"lazy\"><\/div><\/figure><style>.vcex-button.vcex_69f3752b2c4be{border-radius:var(--wpex-rounded-full);background:#55c5ec;color:#ffffff!important;width:250px;padding-block:8px;padding-inline:20px;margin-block:10px;font-size:1rem;font-family:'Century Gothic Font';font-weight:600;}.vcex-button.vcex_69f3752b2c4be:hover{background:#89cda1!important;color:#ffffff!important;}<\/style><div class=\"vc_custom_1740066669631 wpex-clr\"><div class=\"theme-button-wrap textcenter theme-button-block-wrap wpex-block wpex-clear wpex-clr\"><a href=\"\/projekti\" class=\"vcex-button theme-button align-center block wpex-flex-shrink-0 vcex_69f3752b2c4be\"><span class=\"vcex-button-inner theme-button-inner wpex-flex wpex-flex-wrap wpex-items-center wpex-justify-center\">SVI PROJEKTI<\/span><\/a><\/div><\/div> <\/div><\/div><\/div><\/div>\n<\/div>[\/vc_column][\/vc_row]\n<\/div>","protected":false},"excerpt":{"rendered":"Reconstruction, rationalization, and maintenance of public lighting in the populated areas of the city of Plandi\u0161te Guaranteed annual electricity savings of 77%\u00a0i.e., 680800.28 kWh Total electricity savings of the project 6808002.8 kWh The project reduces CO2 emissions by 77% i.e., a total of 7482.00 tons of CO2 1.328 Schreder light fixtures and 29 control systems&hellip;","protected":false},"author":3,"featured_media":0,"parent":8000,"menu_order":0,"comment_status":"closed","ping_status":"closed","template":"","meta":{"footnotes":""},"categories":[30],"tags":[],"class_list":["post-7934","page","type-page","status-publish","hentry","category-project-en","entry","no-media"],"_links":{"self":[{"href":"https:\/\/sei.rs\/en\/wp-json\/wp\/v2\/pages\/7934","targetHints":{"allow":["GET"]}}],"collection":[{"href":"https:\/\/sei.rs\/en\/wp-json\/wp\/v2\/pages"}],"about":[{"href":"https:\/\/sei.rs\/en\/wp-json\/wp\/v2\/types\/page"}],"author":[{"embeddable":true,"href":"https:\/\/sei.rs\/en\/wp-json\/wp\/v2\/users\/3"}],"replies":[{"embeddable":true,"href":"https:\/\/sei.rs\/en\/wp-json\/wp\/v2\/comments?post=7934"}],"version-history":[{"count":2,"href":"https:\/\/sei.rs\/en\/wp-json\/wp\/v2\/pages\/7934\/revisions"}],"predecessor-version":[{"id":8107,"href":"https:\/\/sei.rs\/en\/wp-json\/wp\/v2\/pages\/7934\/revisions\/8107"}],"up":[{"embeddable":true,"href":"https:\/\/sei.rs\/en\/wp-json\/wp\/v2\/pages\/8000"}],"wp:attachment":[{"href":"https:\/\/sei.rs\/en\/wp-json\/wp\/v2\/media?parent=7934"}],"wp:term":[{"taxonomy":"category","embeddable":true,"href":"https:\/\/sei.rs\/en\/wp-json\/wp\/v2\/categories?post=7934"},{"taxonomy":"post_tag","embeddable":true,"href":"https:\/\/sei.rs\/en\/wp-json\/wp\/v2\/tags?post=7934"}],"curies":[{"name":"wp","href":"https:\/\/api.w.org\/{rel}","templated":true}]}}