{"id":7988,"date":"2024-12-17T15:18:09","date_gmt":"2024-12-17T14:18:09","guid":{"rendered":"https:\/\/sei.rs\/o-nama\/"},"modified":"2025-03-10T11:28:04","modified_gmt":"2025-03-10T10:28:04","slug":"about-us","status":"publish","type":"page","link":"https:\/\/sei.rs\/en\/about-us\/","title":{"rendered":"About Us"},"content":{"rendered":"<div class=\"wpb-content-wrapper\">[vc_row full_width=&#8221;stretch_row&#8221; content_placement=&#8221;middle&#8221; equal_height=&#8221;yes&#8221; css=&#8221;.vc_custom_1737963500218{margin-top: 20px !important;}&#8221; visibility=&#8221;hidden-phone&#8221;][vc_column css_animation=&#8221;fadeInLeft&#8221; width=&#8221;1\/2&#8243; css=&#8221;.vc_custom_1732799991089{padding-top: 30px !important;padding-bottom: 30px !important;}&#8221;][\/vc_column][vc_column width=&#8221;1\/2&#8243;]<style>.vcex-button.vcex_69f7057babf1f{background:#89cda1;color:#ffffff!important;}.vcex-button.vcex_69f7057babf1f:hover{background:#55c5ec!important;color:#ffffff!important;}<\/style><div class=\"vc_custom_1741601770262  wpb_animate_when_almost_visible wpb_fadeInUp fadeInUp wpex-clr\"><a href=\"https:\/\/www.youtube.com\/watch?v=f9QY3XJ5M48\" class=\"vcex-button theme-button align-right inline vcex_69f7057babf1f\" target=\"_blank\" rel=\"noopener noreferrer\"><span class=\"vcex-button-inner theme-button-inner wpex-flex wpex-flex-wrap wpex-items-center wpex-justify-center\">Promotional video<\/span><\/a><\/div> [\/vc_column][\/vc_row][vc_row full_width=&#8221;stretch_row&#8221; content_placement=&#8221;middle&#8221; equal_height=&#8221;yes&#8221; css=&#8221;.vc_custom_1737963514537{margin-top: 20px !important;}&#8221; visibility=&#8221;visible-phone&#8221;][vc_column css_animation=&#8221;fadeInLeft&#8221; css=&#8221;.vc_custom_1732799991089{padding-top: 30px !important;padding-bottom: 30px !important;}&#8221;]<style>.vcex-button.vcex_69f7057bac963{background:#89cda1;color:#ffffff!important;}.vcex-button.vcex_69f7057bac963:hover{background:#55c5ec!important;color:#ffffff!important;}<\/style><div class=\"vc_custom_1741601781255  wpb_animate_when_almost_visible wpb_fadeInUp fadeInUp wpex-clr\"><a href=\"https:\/\/www.youtube.com\/watch?v=f9QY3XJ5M48\" class=\"vcex-button theme-button align-right inline vcex_69f7057bac963\" target=\"_blank\" rel=\"noopener noreferrer\"><span class=\"vcex-button-inner theme-button-inner wpex-flex wpex-flex-wrap wpex-items-center wpex-justify-center\">Promotional video<\/span><\/a><\/div> [\/vc_column][\/vc_row][vc_row full_width=&#8221;stretch_row&#8221; content_placement=&#8221;middle&#8221; equal_height=&#8221;yes&#8221; css=&#8221;.vc_custom_1736325724825{margin-top: 0px !important;}&#8221;][vc_column css_animation=&#8221;fadeInLeft&#8221; css=&#8221;.vc_custom_1732799991089{padding-top: 30px !important;padding-bottom: 30px !important;}&#8221;][vc_column_text css=&#8221;&#8221; font_weight=&#8221;500&#8243; text_align=&#8221;left&#8221;]<strong>Smart Energy Investment<\/strong> was founded with the goal of realizing and implementing ESCo projects based on the Energy Performance Contract (EPC) model.<\/p>\n<p>By providing this type of energy service, Smart Energy Investment has established itself as a reliable partner in overcoming the challenges faced in energy activities.[\/vc_column_text][\/vc_column][\/vc_row][vc_row full_width=&#8221;stretch_row&#8221; content_placement=&#8221;middle&#8221; equal_height=&#8221;yes&#8221; css=&#8221;.vc_custom_1736325719932{margin-top: 0px !important;}&#8221;][vc_column css_animation=&#8221;fadeInLeft&#8221; css=&#8221;.vc_custom_1732799991089{padding-top: 30px !important;padding-bottom: 30px !important;}&#8221;]<div class=\"vcex-divider-multicolor vcex-module wpex-flex wpex-w-100 wpex-m-auto\"><span class=\"vcex-divider-multicolor__item wpex-flex-grow\" style=\"background:#89CDA1;\"><\/span><span class=\"vcex-divider-multicolor__item wpex-flex-grow\" style=\"background:#55C5EC;\"><\/span><\/div>[\/vc_column][\/vc_row][vc_row full_width=&#8221;stretch_row&#8221; content_placement=&#8221;middle&#8221; equal_height=&#8221;yes&#8221; css=&#8221;.vc_custom_1736325708035{margin-top: 0px !important;}&#8221;][vc_column css_animation=&#8221;fadeInLeft&#8221; css=&#8221;.vc_custom_1732799991089{padding-top: 30px !important;padding-bottom: 30px !important;}&#8221;][vc_column_text css=&#8221;&#8221; font_weight=&#8221;500&#8243; text_align=&#8221;left&#8221;]<strong>Synergy and conservation<\/strong> are not just goals for us, but key means to achieve them.<\/p>\n<p>Through synergy, conservation, efficient resource use, and sustainable solutions, we create a lasting positive impact on the community and the world around us.<\/p>\n<p>From the very beginning, we have successfully connected the seemingly incompatible: different interests, regions, competitive technologies, as well as the public and private sectors.<\/p>\n<p>Through conservation, our projects have contributed to saving millions of kWh of energy, reducing CO\u2082 emissions by thousands of tons, preserving the budgets of our partners, and protecting the environment.[\/vc_column_text][\/vc_column][\/vc_row][vc_row full_width=&#8221;stretch_row&#8221; content_placement=&#8221;middle&#8221; column_spacing=&#8221;10&#8243; gap=&#8221;30&#8243; equal_height=&#8221;yes&#8221; css=&#8221;.vc_custom_1740059376765{margin-top: 20px !important;padding-top: 10px !important;padding-bottom: 10px !important;}&#8221; el_class=&#8221;dark-sky-row1&#8243;][vc_column css_animation=&#8221;fadeInLeft&#8221; width=&#8221;1\/2&#8243; css=&#8221;.vc_custom_1732799991089{padding-top: 30px !important;padding-bottom: 30px !important;}&#8221;][vc_column_text css=&#8221;.vc_custom_1734957815709{padding-bottom: 20px !important;}&#8221;]\n<h2>Kolarac<\/h2>\n[\/vc_column_text][vc_column_text css=&#8221;.vc_custom_1741601846623{padding-top: 20px !important;padding-bottom: 20px !important;}&#8221;]In line with our ambition to support and assist the Ilija M. Kolarac Endowment, since 2020, we have been organizing the SEI Traditional New Year&#8217;s Concert.[\/vc_column_text]<style>.vcex-button.vcex_69f7057bacd32{background:#89cda1;color:#ffffff!important;padding:10px;border-width:10px;}.vcex-button.vcex_69f7057bacd32:hover{background:#55c5ec!important;}<\/style><div class=\"vc_custom_1741601855068  wpb_animate_when_almost_visible wpb_fadeInRight fadeInRight wpex-clr\"><div class=\"theme-button-wrap theme-button-block-wrap wpex-block wpex-clear wpex-clr\"><a href=\"\/kolarac\" class=\"vcex-button theme-button align-left block vcex_69f7057bacd32\" target=\"_blank\" rel=\"noopener noreferrer\"><span class=\"vcex-button-inner theme-button-inner wpex-flex wpex-flex-wrap wpex-items-center wpex-justify-center\">Read more<\/span><\/a><\/div><\/div> [\/vc_column][vc_column css_animation=&#8221;fadeInRight&#8221; width=&#8221;1\/2&#8243; el_class=&#8221;dark-sky-img-columns&#8221;]<style>.vcex-image.vcex_69f7057bacfe8 .vcex-image-img{border-radius:var(--wpex-rounded-full);}<\/style><figure class=\"vcex-image vcex-module wpex-text-center vcex_69f7057bacfe8\"><div class=\"vcex-image-inner wpex-relative wpex-inline-block\"><img loading=\"lazy\" class=\"vcex-image-img wpex-align-middle\" decoding=\"async\" src=\"https:\/\/sei.rs\/images\/sei-o-nama-kolarac-zaduzbina-zgrada-300x300.webp\" alt=\"\" srcset=\"https:\/\/sei.rs\/images\/sei-o-nama-kolarac-zaduzbina-zgrada-300x300.webp 300w, https:\/\/sei.rs\/images\/sei-o-nama-kolarac-zaduzbina-zgrada.webp 600w\" width=\"300\" height=\"300\"><\/div><\/figure>[\/vc_column][vc_column][vc_row_inner content_placement=&#8221;top&#8221;][vc_column_inner width=&#8221;1\/2&#8243;][\/vc_column_inner][vc_column_inner width=&#8221;1\/2&#8243;]<style>.vcex-button.vcex_69f7057bae820{background:#89cda1;color:#ffffff!important;padding:10px;border-width:10px;}.vcex-button.vcex_69f7057bae820:hover{background:#55c5ec!important;}<\/style><div class=\"vc_custom_1741601862530  wpb_animate_when_almost_visible wpb_fadeInRight fadeInRight wpex-clr\"><div class=\"theme-button-wrap theme-button-block-wrap wpex-block wpex-clear wpex-clr\"><a href=\"https:\/\/www.kolarac.rs\/\" class=\"vcex-button theme-button align-right block vcex_69f7057bae820\" target=\"_blank\" rel=\"noopener noreferrer\"><span class=\"vcex-button-inner theme-button-inner wpex-flex wpex-flex-wrap wpex-items-center wpex-justify-center\">More about Kolarac<\/span><\/a><\/div><\/div> [\/vc_column_inner][\/vc_row_inner][\/vc_column][\/vc_row][vc_row][vc_column][vc_column_text css=&#8221;&#8221; font_weight=&#8221;500&#8243; text_align=&#8221;center&#8221;]\n<h4 style=\"text-align: center;\">PROUD MEMBERS<\/h4>\n[\/vc_column_text][\/vc_column][\/vc_row][vc_row full_width=&#8221;stretch_row&#8221; content_placement=&#8221;middle&#8221; column_spacing=&#8221;10&#8243; gap=&#8221;30&#8243; equal_height=&#8221;yes&#8221; css=&#8221;.vc_custom_1740059411279{margin-top: 20px !important;padding-top: 10px !important;padding-bottom: 10px !important;}&#8221; el_class=&#8221;dark-sky-row1&#8243;][vc_column css_animation=&#8221;fadeInLeft&#8221; width=&#8221;1\/2&#8243; css=&#8221;.vc_custom_1732799991089{padding-top: 30px !important;padding-bottom: 30px !important;}&#8221;][vc_column_text css=&#8221;.vc_custom_1741601883727{padding-top: 10px !important;padding-bottom: 10px !important;}&#8221;]Smart Energy Investment is a proud member of the Economic Committee of the Institute of European Regions (IRE), an independent organization dedicated to connecting European regions, promoting regionalization, and decentralization. Through our collaboration with IRE, we support initiatives that contribute to sustainable development, economic progress, and strengthening local communities. This network fosters interregional cooperation and economic initiatives that strengthen European regions.<\/p>\n<p>IRE was founded in 2004 in Salzburg by Prof. Dr. Franz Schausberger, the former governor of the Salzburg region. The organization brings together over 180 members \u2013 cities, regions, companies, and institutions from 23 countries, providing expertise and support in regional development.<\/p>\n<p>One of IRE&#8217;s key events is the European Summit in Salzburg, recognized as one of the most important business-political gatherings in Europe.<br \/>\n[\/vc_column_text][\/vc_column][vc_column css_animation=&#8221;fadeInRight&#8221; width=&#8221;1\/2&#8243; el_class=&#8221;dark-sky-img-columns&#8221;]<style>.vcex-image.vcex_69f7057bae9e8 .vcex-image-img{border-radius:var(--wpex-rounded-full);}<\/style><figure class=\"vcex-image vcex-module wpex-text-center vcex_69f7057bae9e8\"><div class=\"vcex-image-inner wpex-relative wpex-inline-block\"><img width=\"600\" height=\"600\" src=\"https:\/\/sei.rs\/images\/sei-o-nama-ire-logo.webp\" class=\"vcex-image-img wpex-align-middle\" alt=\"\" loading=\"lazy\" decoding=\"async\" \/><\/div><\/figure>[\/vc_column][vc_column]<style>.vcex-button.vcex_69f7057baeed3{background:#89cda1;color:#ffffff!important;padding:10px;border-width:10px;}.vcex-button.vcex_69f7057baeed3:hover{background:#55c5ec!important;}<\/style><div class=\"vc_custom_1741601891119  wpb_animate_when_almost_visible wpb_fadeInRight fadeInRight wpex-clr\"><div class=\"theme-button-wrap theme-button-block-wrap wpex-block wpex-clear wpex-clr\"><a href=\"https:\/\/www.ire-institut.eu\/\" class=\"vcex-button theme-button align-right block vcex_69f7057baeed3\" target=\"_blank\" rel=\"noopener noreferrer\"><span class=\"vcex-button-inner theme-button-inner wpex-flex wpex-flex-wrap wpex-items-center wpex-justify-center\">More about IRE<\/span><\/a><\/div><\/div> [\/vc_column][\/vc_row][vc_row content_placement=&#8221;middle&#8221; column_spacing=&#8221;10&#8243; gap=&#8221;30&#8243; disable_element=&#8221;yes&#8221;][vc_column][vc_row_inner][vc_column_inner width=&#8221;1\/2&#8243; css=&#8221;.vc_custom_1738233552834{padding-top: 20px !important;padding-bottom: 20px !important;}&#8221;][vc_column_text css=&#8221;.vc_custom_1738233484357{padding-bottom: 20px !important;}&#8221; text_align=&#8221;center&#8221;]\n<h2>Institut regiona Evrope<\/h2>\n[\/vc_column_text][\/vc_column_inner][vc_column_inner width=&#8221;1\/2&#8243;]<figure class=\"vcex-image vcex-module wpex-text-center\"><div class=\"vcex-image-inner wpex-relative wpex-inline-block vc_custom_1738233474414\"><img loading=\"lazy\" class=\"vcex-image-img wpex-align-middle\" decoding=\"async\" src=\"https:\/\/sei.rs\/images\/pppi-logo-ire-300x98.png\" alt=\"\" srcset=\"https:\/\/sei.rs\/images\/pppi-logo-ire-300x98.png 300w, https:\/\/sei.rs\/images\/pppi-logo-ire-768x252.png 768w, https:\/\/sei.rs\/images\/pppi-logo-ire-229x75.png 229w, https:\/\/sei.rs\/images\/pppi-logo-ire-100x33.png 100w, https:\/\/sei.rs\/images\/pppi-logo-ire.png 802w\" width=\"300\" height=\"98\"><\/div><\/figure>[\/vc_column_inner][\/vc_row_inner][vc_column_text css=&#8221;&#8221;]Smart Energy Investment ponosni je \u010dlan Instituta evropskih regiona nezavisne organizacije posve\u0107ene povezivanju evropskih regiona, promociji regionalizacije i decentralizacije. Kroz saradnju sa IRE, podr\u017eavamo inicijative koje doprinose odr\u017eivom razvoju, ekonomskom napretku i ja\u010danju lokalnih zajednica.<\/p>\n<p>IRE je osnovan 2004. godine u Salzburgu od strane prof. dr. Franza Schausbergera, biv\u0161eg guvernera regije Salzburg. Organizacija okuplja preko 180 \u010dlanova \u2013 gradove, regione, kompanije i institucije iz 23 zemlje, pru\u017eaju\u0107i ekspertizu i podr\u0161ku u regionalnom razvoju.<\/p>\n<p>Smart Energy Investment je deo Ekonomskog odbora IRE. Kroz ovu mre\u017eu podsti\u010demo me\u0111uregionalnu saradnju i ekonomske inicijative koje ja\u010daju evropske regione.<\/p>\n<p>Jedan od klju\u010dnih doga\u0111aja koje organizuje IRE je <em>Evropski samit u Salzburgu<\/em>, prepoznat kao jedan od najva\u017enijih poslovno-politi\u010dkih skupova u Evropi..[\/vc_column_text]<style>.vcex-button.vcex_69f7057baf76c{background:#89cda1;color:#ffffff!important;padding:10px;border-width:10px;}.vcex-button.vcex_69f7057baf76c:hover{background:#55c5ec!important;}<\/style><div class=\"vc_custom_1738232658920 wpex-clr\"><div class=\"theme-button-wrap theme-button-block-wrap wpex-block wpex-clear\"><a href=\"https:\/\/www.ire-institut.eu\/\" class=\"vcex-button theme-button block vcex_69f7057baf76c\" target=\"_blank\" rel=\"noopener noreferrer\"><span class=\"vcex-button-inner theme-button-inner wpex-flex wpex-flex-wrap wpex-items-center wpex-justify-center\">Vi\u0161e o IRE<\/span><\/a><\/div><\/div> [\/vc_column][\/vc_row][vc_row full_width=&#8221;stretch_row&#8221; content_placement=&#8221;middle&#8221; column_spacing=&#8221;10&#8243; gap=&#8221;30&#8243; equal_height=&#8221;yes&#8221; disable_element=&#8221;yes&#8221; css=&#8221;.vc_custom_1740058085578{margin-top: 40px !important;padding-top: 20px !important;padding-bottom: 20px !important;}&#8221; el_class=&#8221;dark-sky-row2&#8243;][vc_column css_animation=&#8221;fadeInLeft&#8221; width=&#8221;1\/2&#8243; visibility=&#8221;visible-desktop&#8221; el_class=&#8221;dark-sky-img-columns&#8221;][\/vc_column][vc_column css_animation=&#8221;fadeInRight&#8221; width=&#8221;1\/2&#8243; css=&#8221;.vc_custom_1732801091761{padding-top: 30px !important;padding-bottom: 30px !important;}&#8221;][\/vc_column][vc_column css_animation=&#8221;fadeInLeft&#8221; visibility=&#8221;hidden-desktop&#8221; el_class=&#8221;dark-sky-img-columns&#8221;]<style>.vcex-image.vcex_69f7057baf914 .vcex-image-img{border-radius:var(--wpex-rounded-full);}<\/style><figure class=\"vcex-image vcex-module wpex-text-center vcex_69f7057baf914\"><div class=\"vcex-image-inner wpex-relative wpex-inline-block\"><img loading=\"lazy\" class=\"vcex-image-img wpex-align-middle\" decoding=\"async\" src=\"https:\/\/sei.rs\/images\/sei-dark-sky-ocuvanje-prirodnog-neba-300x300.webp\" alt=\"\" srcset=\"https:\/\/sei.rs\/images\/sei-dark-sky-ocuvanje-prirodnog-neba-300x300.webp 300w, https:\/\/sei.rs\/images\/sei-dark-sky-ocuvanje-prirodnog-neba.webp 600w\" width=\"300\" height=\"300\"><\/div><\/figure>[vc_row_inner][vc_column_inner width=&#8221;1\/2&#8243;]<style>.vcex-image.vcex_69f7057bafecf .vcex-image-img{border-radius:var(--wpex-rounded-full);}<\/style><figure class=\"vcex-image vcex-module wpex-text-center vcex_69f7057bafecf\"><div class=\"vcex-image-inner wpex-relative wpex-inline-block\"><img loading=\"lazy\" class=\"vcex-image-img wpex-align-middle\" decoding=\"async\" src=\"https:\/\/sei.rs\/images\/sei-dark-sky-ocuvanje-prirodnog-neba-300x300.webp\" alt=\"\" srcset=\"https:\/\/sei.rs\/images\/sei-dark-sky-ocuvanje-prirodnog-neba-300x300.webp 300w, https:\/\/sei.rs\/images\/sei-dark-sky-ocuvanje-prirodnog-neba.webp 600w\" width=\"300\" height=\"300\"><\/div><\/figure>[\/vc_column_inner][vc_column_inner width=&#8221;1\/2&#8243;][\/vc_column_inner][\/vc_row_inner][\/vc_column][\/vc_row]\n<\/div>","protected":false},"excerpt":{"rendered":"<p>[vc_row full_width=&#8221;stretch_row&#8221; content_placement=&#8221;middle&#8221; equal_height=&#8221;yes&#8221; css=&#8221;.vc_custom_1737963500218{margin-top: 20px !important;}&#8221; visibility=&#8221;hidden-phone&#8221;][vc_column css_animation=&#8221;fadeInLeft&#8221; width=&#8221;1\/2&#8243; css=&#8221;.vc_custom_1732799991089{padding-top: 30px !important;padding-bottom: 30px !important;}&#8221;][\/vc_column][vc_column width=&#8221;1\/2&#8243;][\/vc_column][\/vc_row][vc_row full_width=&#8221;stretch_row&#8221; content_placement=&#8221;middle&#8221; equal_height=&#8221;yes&#8221; css=&#8221;.vc_custom_1737963514537{margin-top: 20px !important;}&#8221; visibility=&#8221;visible-phone&#8221;][vc_column css_animation=&#8221;fadeInLeft&#8221; css=&#8221;.vc_custom_1732799991089{padding-top: 30px !important;padding-bottom: 30px !important;}&#8221;][\/vc_column][\/vc_row][vc_row full_width=&#8221;stretch_row&#8221; content_placement=&#8221;middle&#8221; equal_height=&#8221;yes&#8221; css=&#8221;.vc_custom_1736325724825{margin-top: 0px !important;}&#8221;][vc_column css_animation=&#8221;fadeInLeft&#8221; css=&#8221;.vc_custom_1732799991089{padding-top: 30px !important;padding-bottom: 30px !important;}&#8221;][vc_column_text css=&#8221;&#8221; font_weight=&#8221;500&#8243; text_align=&#8221;left&#8221;]Smart Energy Investment was founded with the goal of realizing and implementing&hellip;<\/p>\n","protected":false},"author":3,"featured_media":0,"parent":0,"menu_order":0,"comment_status":"closed","ping_status":"closed","template":"","meta":{"footnotes":""},"categories":[],"tags":[],"class_list":["post-7988","page","type-page","status-publish","hentry","entry","no-media"],"_links":{"self":[{"href":"https:\/\/sei.rs\/en\/wp-json\/wp\/v2\/pages\/7988","targetHints":{"allow":["GET"]}}],"collection":[{"href":"https:\/\/sei.rs\/en\/wp-json\/wp\/v2\/pages"}],"about":[{"href":"https:\/\/sei.rs\/en\/wp-json\/wp\/v2\/types\/page"}],"author":[{"embeddable":true,"href":"https:\/\/sei.rs\/en\/wp-json\/wp\/v2\/users\/3"}],"replies":[{"embeddable":true,"href":"https:\/\/sei.rs\/en\/wp-json\/wp\/v2\/comments?post=7988"}],"version-history":[{"count":3,"href":"https:\/\/sei.rs\/en\/wp-json\/wp\/v2\/pages\/7988\/revisions"}],"predecessor-version":[{"id":8061,"href":"https:\/\/sei.rs\/en\/wp-json\/wp\/v2\/pages\/7988\/revisions\/8061"}],"wp:attachment":[{"href":"https:\/\/sei.rs\/en\/wp-json\/wp\/v2\/media?parent=7988"}],"wp:term":[{"taxonomy":"category","embeddable":true,"href":"https:\/\/sei.rs\/en\/wp-json\/wp\/v2\/categories?post=7988"},{"taxonomy":"post_tag","embeddable":true,"href":"https:\/\/sei.rs\/en\/wp-json\/wp\/v2\/tags?post=7988"}],"curies":[{"name":"wp","href":"https:\/\/api.w.org\/{rel}","templated":true}]}}