{"id":8008,"date":"2024-11-27T15:52:32","date_gmt":"2024-11-27T14:52:32","guid":{"rendered":"https:\/\/sei.rs\/dark-sky\/"},"modified":"2024-11-27T15:52:32","modified_gmt":"2024-11-27T14:52:32","slug":"dark-sky","status":"publish","type":"page","link":"https:\/\/sei.rs\/en\/dark-sky\/","title":{"rendered":"Dark Sky"},"content":{"rendered":"<div class=\"wpb-content-wrapper\">[vc_row full_width=&#8221;stretch_row&#8221; column_spacing=&#8221;0px&#8221; el_class=&#8221;dark-sky-row-rs&#8221; wpex_bg_overlay=&#8221;dark&#8221; wpex_bg_overlay_color=&#8221;#000000&#8243; wpex_bg_overlay_opacity=&#8221;85&#8243;][vc_column]\n\t\t\t\t<p class=\"rs-p-wp-fix\"><\/p>\n\t\t\t\t<sr7-module data-alias=\"sei-dark-sky\" data-id=\"13\" id=\"welcome\" class=\"rs-respect-topbar rs-ov-hidden\" data-version=\"6.7.54\">\n\t\t\t\t\t<sr7-adjuster><\/sr7-adjuster>\n\t\t\t\t\t<sr7-content>\n\t\t\t\t\t\t<sr7-slide id=\"welcome-110\" data-key=\"110\">\n\t\t\t\t\t\t\t<p id=\"welcome-110-0\" class=\"sr7-layer\">This movement focuses on preserving dark skies, contributing to better ecosystem protection, human health, and the conservation of natural resources.<\/p>\n\t\t\t\t\t\t\t<p id=\"welcome-110-3\" class=\"sr7-layer\">The Dark Sky Initiative is a global movement advocating for the reduction of light pollution and the protection of the night sky.<\/p>\n\t\t\t\t\t\t\t<p id=\"welcome-110-4\" class=\"sr7-layer\">The Dark Sky Initiative aims to raise awareness about the issues caused by light pollution and promote the use of lighting technologies that minimize negative environmental impacts.<\/p>\n\t\t\t\t\t\t\t<p id=\"welcome-110-5\" class=\"sr7-layer\">DARK SKY<\/p>\n\t\t\t\t\t\t<\/sr7-slide>\n\t\t\t\t\t\t<sr7-slide id=\"welcome-16\" data-key=\"16\">\n\t\t\t\t\t\t<\/sr7-slide>\n\t\t\t\t\t<\/sr7-content>\n\t\t\t\t<\/sr7-module>\n\t\t\t\t<script>\n\t\t\t\t\twindow.SR7 ??={};SR7.PMH ??={}; SR7.PMH[\"welcome\"] = {cn:100,state:false,fn: function() { if (window._tpt!==undefined && window._tpt.prepareModuleHeight !== undefined) {  _tpt.prepareModuleHeight({id:\"welcome\",el:[900,900,777,720,940],type:'hero',shdw:'0',gh:[900,900,777,625,562],gw:[1240,1240,1024,778,480],vpt:['-200px&#039;,&#039;-200px&#039;,&#039;-200px&#039;,&#039;-200px&#039;,&#039;-200px'],size:{fullWidth:true, fullHeight:true},fho:'#masthead,',mh:'0',onh:0,onw:0,bg:{color:'{\"orig\":\"transparent\",\"type\":\"solid\",\"string\":\"transparent\"}'}});   SR7.PMH[\"welcome\"].state=true;} else if(SR7.PMH[\"welcome\"].cn-->0)\tsetTimeout( SR7.PMH[\"welcome\"].fn,19);}};SR7.PMH[\"welcome\" ].fn();\n\t\t\t\t<\/script>\n[\/vc_column][\/vc_row][vc_row full_width=&#8221;stretch_row&#8221; content_placement=&#8221;middle&#8221; equal_height=&#8221;yes&#8221; css=&#8221;.vc_custom_1732800044352{margin-top: 40px !important;}&#8221;][vc_column css_animation=&#8221;fadeInLeft&#8221; css=&#8221;.vc_custom_1732799991089{padding-top: 30px !important;padding-bottom: 30px !important;}&#8221;][vc_column_text css=&#8221;&#8221; font_weight=&#8221;500&#8243;]\n<h3>Osnovni ciljevi <span style=\"color: #55c5ec;\">#letsSEIvtogether<\/span> projekata koji su u skladu sa Dark Sky inicijativom:<\/h3>\n[\/vc_column_text][\/vc_column][\/vc_row][vc_row full_width=&#8221;stretch_row&#8221; content_placement=&#8221;middle&#8221; column_spacing=&#8221;10&#8243; gap=&#8221;30&#8243; equal_height=&#8221;yes&#8221; css=&#8221;.vc_custom_1732802052189{margin-top: 40px !important;padding-top: 20px !important;padding-bottom: 20px !important;}&#8221; el_class=&#8221;dark-sky-row1&#8243;][vc_column css_animation=&#8221;fadeInLeft&#8221; width=&#8221;1\/2&#8243; css=&#8221;.vc_custom_1732799991089{padding-top: 30px !important;padding-bottom: 30px !important;}&#8221;]<style>.vcex-bullets.vcex_69f4edcabaf7f{font-size:20px;font-weight:600;}<\/style><div class=\"vcex-module vcex-bullets vcex-bullets--vertical wpex-gap-0 vcex-bullets-check wpex-text-left wpex-mb-0 vc_custom_1732800753670 vcex_69f4edcabaf7f\">\n<ul role=\"list\">\n<li>Smanjenje svetlosnog zaga\u0111enja<\/li>\n<\/ul>\n<\/div>[vc_column_text css=&#8221;&#8221;]Svetlosno zaga\u0111enje predstavlja prekomernu i neprikladnu upotrebu ve\u0161ta\u010dkog osvetljenja koja naru\u0161ava prirodni ritam dana i no\u0107i. To uklju\u010duje prekomerno periferno svetlo u urbanim sredinama, koje mo\u017ee negativno uticati na divlji svet, ljude i njihove biolo\u0161ke procese. Svi #letsSEIvtogether projekti u potpunosti su uskla\u0111eni sa evropskim standardom EN13201, koji garantuje optimalne uslove osvetljenja uz o\u010duvanje prirodne ravnote\u017ee.[\/vc_column_text][\/vc_column][vc_column css_animation=&#8221;fadeInRight&#8221; width=&#8221;1\/2&#8243; el_class=&#8221;dark-sky-img-columns&#8221;]<style>.vcex-image.vcex_69f4edcabb35a .vcex-image-img{border-radius:var(--wpex-rounded-full);}<\/style><figure class=\"vcex-image vcex-module vcex_69f4edcabb35a\"><div class=\"vcex-image-inner wpex-relative wpex-inline-block\"><img width=\"600\" height=\"600\" src=\"https:\/\/sei.rs\/images\/sei-dark-sky-smanjenje-svetlosnog-zagadjenja.webp\" class=\"vcex-image-img wpex-align-middle\" alt=\"\" loading=\"lazy\" decoding=\"async\" \/><\/div><\/figure>[\/vc_column][\/vc_row][vc_row full_width=&#8221;stretch_row&#8221; content_placement=&#8221;middle&#8221; column_spacing=&#8221;10&#8243; gap=&#8221;30&#8243; equal_height=&#8221;yes&#8221; css=&#8221;.vc_custom_1732801856756{margin-top: 40px !important;padding-top: 20px !important;padding-bottom: 20px !important;}&#8221; el_class=&#8221;dark-sky-row2&#8243;][vc_column css_animation=&#8221;fadeInLeft&#8221; width=&#8221;1\/2&#8243; visibility=&#8221;visible-desktop&#8221; el_class=&#8221;dark-sky-img-columns&#8221;]<style>.vcex-image.vcex_69f4edcabb8cc .vcex-image-img{border-radius:var(--wpex-rounded-full);}<\/style><figure class=\"vcex-image vcex-module vcex_69f4edcabb8cc\"><div class=\"vcex-image-inner wpex-relative wpex-inline-block\"><img width=\"600\" height=\"600\" src=\"https:\/\/sei.rs\/images\/sei-dark-sky-ocuvanje-prirodnog-neba.webp\" class=\"vcex-image-img wpex-align-middle\" alt=\"\" loading=\"lazy\" decoding=\"async\" srcset=\"https:\/\/sei.rs\/images\/sei-dark-sky-ocuvanje-prirodnog-neba.webp 600w, https:\/\/sei.rs\/images\/sei-dark-sky-ocuvanje-prirodnog-neba-300x300.webp 300w\" sizes=\"auto, (max-width: 600px) 100vw, 600px\" \/><\/div><\/figure>[\/vc_column][vc_column css_animation=&#8221;fadeInRight&#8221; width=&#8221;1\/2&#8243; css=&#8221;.vc_custom_1732801091761{padding-top: 30px !important;padding-bottom: 30px !important;}&#8221;]<style>.vcex-bullets.vcex_69f4edcabbc85{font-size:20px;font-weight:600;}<\/style><div class=\"vcex-module vcex-bullets vcex-bullets--vertical wpex-gap-0 vcex-bullets-check wpex-text-left wpex-mb-0 vc_custom_1732800952974 vcex_69f4edcabbc85\">\n<ul role=\"list\">\n<li>O\u010duvanje prirodnog no\u0107nog neba<\/li>\n<\/ul>\n<\/div>[vc_column_text css=&#8221;&#8221;]Mnoge regije \u0161irom sveta su pogo\u0111ene svetlosnim zaga\u0111enjem koje onemogu\u0107ava gledanje prirodnog no\u0107nog neba, \u0161to je va\u017eno ne samo za u\u017eivanje u prirodnoj lepotama, ve\u0107 i za nau\u010dna istra\u017eivanja.[\/vc_column_text][\/vc_column][vc_column css_animation=&#8221;fadeInLeft&#8221; visibility=&#8221;hidden-desktop&#8221; el_class=&#8221;dark-sky-img-columns&#8221;]<style>.vcex-image.vcex_69f4edcabbe62 .vcex-image-img{border-radius:var(--wpex-rounded-full);}<\/style><figure class=\"vcex-image vcex-module vcex_69f4edcabbe62\"><div class=\"vcex-image-inner wpex-relative wpex-inline-block\"><img width=\"600\" height=\"600\" src=\"https:\/\/sei.rs\/images\/sei-dark-sky-ocuvanje-prirodnog-neba.webp\" class=\"vcex-image-img wpex-align-middle\" alt=\"\" loading=\"lazy\" decoding=\"async\" srcset=\"https:\/\/sei.rs\/images\/sei-dark-sky-ocuvanje-prirodnog-neba.webp 600w, https:\/\/sei.rs\/images\/sei-dark-sky-ocuvanje-prirodnog-neba-300x300.webp 300w\" sizes=\"auto, (max-width: 600px) 100vw, 600px\" \/><\/div><\/figure>[\/vc_column][\/vc_row][vc_row full_width=&#8221;stretch_row&#8221; content_placement=&#8221;middle&#8221; column_spacing=&#8221;10&#8243; gap=&#8221;30&#8243; equal_height=&#8221;yes&#8221; css=&#8221;.vc_custom_1732801862630{margin-top: 40px !important;padding-top: 20px !important;padding-bottom: 20px !important;}&#8221; el_class=&#8221;dark-sky-row3&#8243;][vc_column css_animation=&#8221;fadeInLeft&#8221; width=&#8221;1\/2&#8243; css=&#8221;.vc_custom_1732799991089{padding-top: 30px !important;padding-bottom: 30px !important;}&#8221;]<style>.vcex-bullets.vcex_69f4edcabbfd8{font-size:20px;font-weight:600;}<\/style><div class=\"vcex-module vcex-bullets vcex-bullets--vertical wpex-gap-0 vcex-bullets-check wpex-text-left wpex-mb-0 vc_custom_1732801612028 vcex_69f4edcabbfd8\">\n<ul role=\"list\">\n<li>Podizanje svesti o svetlosnom zaga\u0111enju<\/li>\n<\/ul>\n<\/div>[vc_column_text css=&#8221;&#8221;]Realizacijom #letsSEIvtogether projekata, Smart Energy Investment te\u017ei pove\u0107anju javne svesti o problemima svetlosnog zaga\u0111enja, njegovim uticajima na ljudsko zdravlje i \u017eivotnu sredinu, te kako se mo\u017ee smanjiti kroz zamenu starih sijalica novim LED osvetljenjem.[\/vc_column_text][\/vc_column][vc_column css_animation=&#8221;fadeInRight&#8221; width=&#8221;1\/2&#8243; el_class=&#8221;dark-sky-img-columns&#8221;]<style>.vcex-image.vcex_69f4edcabc18c .vcex-image-img{border-radius:var(--wpex-rounded-full);}<\/style><figure class=\"vcex-image vcex-module vcex_69f4edcabc18c\"><div class=\"vcex-image-inner wpex-relative wpex-inline-block\"><img width=\"600\" height=\"600\" src=\"https:\/\/sei.rs\/images\/sei-dark-sky-podizanje-svesti-o-svetlosnom-zagadjenju.webp\" class=\"vcex-image-img wpex-align-middle\" alt=\"\" loading=\"lazy\" decoding=\"async\" \/><\/div><\/figure>[\/vc_column][\/vc_row][vc_row full_width=&#8221;stretch_row&#8221; content_placement=&#8221;middle&#8221; column_spacing=&#8221;10&#8243; gap=&#8221;30&#8243; equal_height=&#8221;yes&#8221; css=&#8221;.vc_custom_1732801868908{margin-top: 40px !important;margin-bottom: 40px !important;padding-top: 20px !important;padding-bottom: 20px !important;}&#8221; el_class=&#8221;dark-sky-row4&#8243;][vc_column css_animation=&#8221;fadeInLeft&#8221; width=&#8221;1\/2&#8243; visibility=&#8221;visible-desktop&#8221; el_class=&#8221;dark-sky-img-columns&#8221;]<style>.vcex-image.vcex_69f4edcabc59f .vcex-image-img{border-radius:var(--wpex-rounded-full);}<\/style><figure class=\"vcex-image vcex-module vcex_69f4edcabc59f\"><div class=\"vcex-image-inner wpex-relative wpex-inline-block\"><img width=\"600\" height=\"600\" src=\"https:\/\/sei.rs\/images\/sei-dark-sky-promocija-odgovornog-osvetljenja.webp\" class=\"vcex-image-img wpex-align-middle\" alt=\"\" loading=\"lazy\" decoding=\"async\" \/><\/div><\/figure>[\/vc_column][vc_column css_animation=&#8221;fadeInRight&#8221; width=&#8221;1\/2&#8243; css=&#8221;.vc_custom_1732801091761{padding-top: 30px !important;padding-bottom: 30px !important;}&#8221;]<style>.vcex-bullets.vcex_69f4edcabc91a{font-size:20px;font-weight:600;}<\/style><div class=\"vcex-module vcex-bullets vcex-bullets--vertical wpex-gap-0 vcex-bullets-check wpex-text-left wpex-mb-0 vc_custom_1732801663681 vcex_69f4edcabc91a\">\n<ul role=\"list\">\n<li>Promocija odgovornog osvetljenja<\/li>\n<\/ul>\n<\/div>[vc_column_text css=&#8221;&#8221;]Kroz #letsSEIvtogether projekate implementiramo energetski efikasno LED usmeravaju\u0107e osvetljenje koje smanjuje svetlosno zaga\u0111enje i \u0161tednju energije. Koriste\u0107i svetlosne tehnologije koje usmeravaju svetlost na specifi\u010dna mesta i minimiziraju rasipanje svetla u okolinu, smanjuje se negativan uticaj na no\u0107ni ekosistem i \u017eivotnu sredinu.[\/vc_column_text][\/vc_column][vc_column css_animation=&#8221;fadeInLeft&#8221; visibility=&#8221;hidden-desktop&#8221; el_class=&#8221;dark-sky-img-columns&#8221;]<style>.vcex-image.vcex_69f4edcabcaea .vcex-image-img{border-radius:var(--wpex-rounded-full);}<\/style><figure class=\"vcex-image vcex-module vcex_69f4edcabcaea\"><div class=\"vcex-image-inner wpex-relative wpex-inline-block\"><img width=\"600\" height=\"600\" src=\"https:\/\/sei.rs\/images\/sei-dark-sky-promocija-odgovornog-osvetljenja.webp\" class=\"vcex-image-img wpex-align-middle\" alt=\"\" loading=\"lazy\" decoding=\"async\" \/><\/div><\/figure>[\/vc_column][\/vc_row]\n<\/div>","protected":false},"excerpt":{"rendered":"<p>[vc_row full_width=&#8221;stretch_row&#8221; column_spacing=&#8221;0px&#8221; el_class=&#8221;dark-sky-row-rs&#8221; wpex_bg_overlay=&#8221;dark&#8221; wpex_bg_overlay_color=&#8221;#000000&#8243; wpex_bg_overlay_opacity=&#8221;85&#8243;][vc_column][\/vc_column][\/vc_row][vc_row full_width=&#8221;stretch_row&#8221; content_placement=&#8221;middle&#8221; equal_height=&#8221;yes&#8221; css=&#8221;.vc_custom_1732800044352{margin-top: 40px !important;}&#8221;][vc_column css_animation=&#8221;fadeInLeft&#8221; css=&#8221;.vc_custom_1732799991089{padding-top: 30px !important;padding-bottom: 30px !important;}&#8221;][vc_column_text css=&#8221;&#8221; font_weight=&#8221;500&#8243;] Osnovni ciljevi #letsSEIvtogether projekata koji su u skladu sa Dark Sky inicijativom: [\/vc_column_text][\/vc_column][\/vc_row][vc_row full_width=&#8221;stretch_row&#8221; content_placement=&#8221;middle&#8221; column_spacing=&#8221;10&#8243; gap=&#8221;30&#8243; equal_height=&#8221;yes&#8221; css=&#8221;.vc_custom_1732802052189{margin-top: 40px !important;padding-top: 20px !important;padding-bottom: 20px !important;}&#8221; el_class=&#8221;dark-sky-row1&#8243;][vc_column css_animation=&#8221;fadeInLeft&#8221; width=&#8221;1\/2&#8243; css=&#8221;.vc_custom_1732799991089{padding-top: 30px !important;padding-bottom: 30px !important;}&#8221;][vc_column_text css=&#8221;&#8221;]Svetlosno&hellip;<\/p>\n","protected":false},"author":3,"featured_media":0,"parent":0,"menu_order":0,"comment_status":"closed","ping_status":"closed","template":"","meta":{"footnotes":""},"categories":[],"tags":[],"class_list":["post-8008","page","type-page","status-publish","hentry","entry","no-media"],"_links":{"self":[{"href":"https:\/\/sei.rs\/en\/wp-json\/wp\/v2\/pages\/8008","targetHints":{"allow":["GET"]}}],"collection":[{"href":"https:\/\/sei.rs\/en\/wp-json\/wp\/v2\/pages"}],"about":[{"href":"https:\/\/sei.rs\/en\/wp-json\/wp\/v2\/types\/page"}],"author":[{"embeddable":true,"href":"https:\/\/sei.rs\/en\/wp-json\/wp\/v2\/users\/3"}],"replies":[{"embeddable":true,"href":"https:\/\/sei.rs\/en\/wp-json\/wp\/v2\/comments?post=8008"}],"version-history":[{"count":0,"href":"https:\/\/sei.rs\/en\/wp-json\/wp\/v2\/pages\/8008\/revisions"}],"wp:attachment":[{"href":"https:\/\/sei.rs\/en\/wp-json\/wp\/v2\/media?parent=8008"}],"wp:term":[{"taxonomy":"category","embeddable":true,"href":"https:\/\/sei.rs\/en\/wp-json\/wp\/v2\/categories?post=8008"},{"taxonomy":"post_tag","embeddable":true,"href":"https:\/\/sei.rs\/en\/wp-json\/wp\/v2\/tags?post=8008"}],"curies":[{"name":"wp","href":"https:\/\/api.w.org\/{rel}","templated":true}]}}