{"id":7957,"date":"2024-12-23T09:55:04","date_gmt":"2024-12-23T08:55:04","guid":{"rendered":"https:\/\/sei.rs\/projekti-2021-sid\/"},"modified":"2025-03-18T08:54:35","modified_gmt":"2025-03-18T07:54:35","slug":"projekt-2021-sid","status":"publish","type":"page","link":"https:\/\/sei.rs\/hu\/projektek\/projekt-2021-sid\/","title":{"rendered":"\u0160id"},"content":{"rendered":"<div class=\"wpb-content-wrapper\">[vc_row full_width=&#8221;stretch_row&#8221; content_placement=&#8221;middle&#8221; equal_height=&#8221;yes&#8221; disable_element=&#8221;yes&#8221;][vc_column css_animation=&#8221;none&#8221; css=&#8221;.vc_custom_1732877050445{padding-top: 30px !important;padding-bottom: 30px !important;}&#8221;][vc_column_text css_animation=&#8221;none&#8221; css=&#8221;&#8221; font_weight=&#8221;500&#8243; text_align=&#8221;center&#8221; el_class=&#8221;projects-titles&#8221;]\n<h3>Rekonstrukcija, racionalizacija i odr\u017eavanje javnog osvetljenja u naseljenim mestima op\u0161tine \u0160id<\/h3>\n[\/vc_column_text][\/vc_column][\/vc_row][vc_row full_width=&#8221;stretch_row_content&#8221; content_placement=&#8221;middle&#8221; column_spacing=&#8221;10&#8243; gap=&#8221;30&#8243; equal_height=&#8221;yes&#8221; el_class=&#8221;projects-row1&#8243;][vc_column css_animation=&#8221;fadeInRight&#8221; css=&#8221;.vc_custom_1734107623120{border-top-width: 3px !important;border-right-width: 3px !important;border-bottom-width: 3px !important;border-left-width: 3px !important;padding-top: 10px !important;padding-right: 10px !important;padding-bottom: 10px !important;padding-left: 10px !important;background-color: #FFFFFF !important;border-left-style: solid !important;border-right-style: solid !important;border-top-style: solid !important;border-bottom-style: solid !important;border-radius: 30px !important;border-color: #55C5EC !important;}&#8221; offset=&#8221;vc_col-lg-3 vc_col-md-6&#8243;][vc_column_text css=&#8221;.vc_custom_1739280605310{margin-bottom: 0px !important;padding-top: 30px !important;padding-bottom: 15px !important;}&#8221; text_align=&#8221;center&#8221; font_family=&#8221;Century Gothic, CenturyGothic, AppleGothic, sans-serif&#8221; font_weight=&#8221;500&#8243; el_class=&#8221;milestone-elementsb&#8221; font_size=&#8221;20px&#8221;]Rekonstrukcija, racionalizacija i odr\u017eavanje javnog osvetljenja u naseljenim mestima grada \u0160ida[\/vc_column_text]<figure class=\"vcex-image vcex-module wpex-text-center\"><div class=\"vcex-image-inner wpex-relative wpex-inline-block vc_custom_1739280586641\"><img width=\"282\" height=\"200\" src=\"https:\/\/sei.rs\/images\/sei-projekti-2021-sid.webp\" class=\"vcex-image-img wpex-align-middle\" alt=\"\" loading=\"lazy\" decoding=\"async\" \/><\/div><\/figure>[\/vc_column][vc_column css_animation=&#8221;fadeInRight&#8221; css=&#8221;.vc_custom_1734107627769{padding-top: 10px !important;padding-right: 10px !important;padding-bottom: 10px !important;padding-left: 10px !important;background-color: #89CDA1 !important;border-radius: 30px !important;}&#8221; el_class=&#8221;milestone-columns&#8221; offset=&#8221;vc_col-lg-3 vc_col-md-6&#8243;]<style>.vcex-image.vcex_69e07e06cfabb .vcex-image-inner{max-width:150px;}.vcex-image.vcex_69e07e06cfabb .vcex-image-img{height:150px;}<\/style><figure class=\"vcex-image vcex-module wpex-text-center vcex_69e07e06cfabb\"><div class=\"vcex-image-inner wpex-relative wpex-inline-block vc_custom_1738075722720\"><img width=\"600\" height=\"600\" src=\"https:\/\/sei.rs\/images\/sei-projekti-godisnja-usteda-elektricne-energije-white.webp\" class=\"vcex-image-img wpex-align-middle wpex-object-cover\" alt=\"\" loading=\"lazy\" decoding=\"async\" srcset=\"https:\/\/sei.rs\/images\/sei-projekti-godisnja-usteda-elektricne-energije-white.webp 600w, https:\/\/sei.rs\/images\/sei-projekti-godisnja-usteda-elektricne-energije-white-150x150.webp 150w, https:\/\/sei.rs\/images\/sei-projekti-godisnja-usteda-elektricne-energije-white-200x200.webp 200w, https:\/\/sei.rs\/images\/sei-projekti-godisnja-usteda-elektricne-energije-white-100x100.webp 100w\" sizes=\"auto, (max-width: 600px) 100vw, 600px\" \/><\/div><\/figure>[vc_column_text css=&#8221;.vc_custom_1739280647586{padding-bottom: 15px !important;}&#8221; font_family=&#8221;Century Gothic, CenturyGothic, AppleGothic, sans-serif&#8221; font_weight=&#8221;500&#8243; el_class=&#8221;milestone-elements&#8221; text_align=&#8221;center&#8221; font_size=&#8221;20px&#8221;]Garantovana godi\u0161nja u\u0161teda elektri\u010dne energije <span style=\"font-family: Quicksand; font-weight: bold; font-size: 2rem;\">71%<\/span>\u00a0odnosno[\/vc_column_text]<style>.vcex-milestone.vcex_69e07e06d00d2 .vcex-milestone-number{font-family:Quicksand;font-size:2rem;font-weight:700;margin-block-end:0px;}<\/style><div class=\"vcex-module vcex-milestone wpex-text-center wpex-mb-0 wpex-p-0 milestone-elements vcex_69e07e06d00d2\"><div class=\"vcex-milestone-inner wpex-inline-block\"><div class=\"vcex-milestone-desc\"><div class=\"vcex-milestone-number wpex-leading-none\"><span class=\"vcex-milestone-time vcex-countup\" data-options=\"{&quot;startVal&quot;:0,&quot;endVal&quot;:&quot;1355094.23&quot;,&quot;duration&quot;:2,&quot;decimals&quot;:2,&quot;separator&quot;:&quot;.&quot;,&quot;decimal&quot;:&quot;,&quot;,&quot;animateOnScroll&quot;:false}\" aria-hidden=\"true\"><\/span><span class=\"screen-reader-text\">1355094.23<\/span><\/div><\/div><\/div><\/div>[vc_column_text css=&#8221;&#8221; font_family=&#8221;Century Gothic, CenturyGothic, AppleGothic, sans-serif&#8221; font_weight=&#8221;400&#8243; el_class=&#8221;milestone-elements&#8221; text_align=&#8221;center&#8221; font_size=&#8221;20px&#8221;]kWh[\/vc_column_text][\/vc_column][vc_column css_animation=&#8221;fadeInRight&#8221; css=&#8221;.vc_custom_1734107631873{border-top-width: 3px !important;border-right-width: 3px !important;border-bottom-width: 3px !important;border-left-width: 3px !important;padding-top: 10px !important;padding-right: 10px !important;padding-bottom: 10px !important;padding-left: 10px !important;background-color: #FFFFFF !important;border-left-style: solid !important;border-right-style: solid !important;border-top-style: solid !important;border-bottom-style: solid !important;border-radius: 30px !important;border-color: #55C5EC !important;}&#8221; el_class=&#8221;milestone-columns&#8221; offset=&#8221;vc_col-lg-3 vc_col-md-6&#8243;]<style>.vcex-image.vcex_69e07e06d045a .vcex-image-inner{max-width:140px;}.vcex-image.vcex_69e07e06d045a .vcex-image-img{height:140px;}<\/style><figure class=\"vcex-image vcex-module wpex-text-center vcex_69e07e06d045a\"><div class=\"vcex-image-inner wpex-relative wpex-inline-block vc_custom_1738075423120\"><img width=\"600\" height=\"600\" src=\"https:\/\/sei.rs\/images\/sei-projekti-ukupna-usteda-elektricne-energije.webp\" class=\"vcex-image-img wpex-align-middle wpex-object-cover\" alt=\"\" loading=\"lazy\" decoding=\"async\" srcset=\"https:\/\/sei.rs\/images\/sei-projekti-ukupna-usteda-elektricne-energije.webp 600w, https:\/\/sei.rs\/images\/sei-projekti-ukupna-usteda-elektricne-energije-100x100.webp 100w, https:\/\/sei.rs\/images\/sei-projekti-ukupna-usteda-elektricne-energije-130x130.webp 130w, https:\/\/sei.rs\/images\/sei-projekti-ukupna-usteda-elektricne-energije-150x150.webp 150w\" sizes=\"auto, (max-width: 600px) 100vw, 600px\" \/><\/div><\/figure>[vc_column_text css=&#8221;.vc_custom_1739278120707{padding-bottom: 15px !important;}&#8221; text_align=&#8221;center&#8221; font_family=&#8221;Century Gothic, CenturyGothic, AppleGothic, sans-serif&#8221; font_weight=&#8221;500&#8243; el_class=&#8221;milestone-elementsb&#8221; font_size=&#8221;20px&#8221;]Ukupna u\u0161teda elektri\u010dne energije projekta[\/vc_column_text]<style>.vcex-milestone.vcex_69e07e06d08a0 .vcex-milestone-number{font-family:Quicksand;font-size:2rem;font-weight:700;}@media (max-width:959px){.vcex-milestone.vcex_69e07e06d08a0 .vcex-milestone-number{font-size:2rem;}}<\/style><div class=\"vcex-module vcex-milestone wpex-text-center milestone-elementsb vcex_69e07e06d08a0\"><div class=\"vcex-milestone-inner wpex-inline-block\"><div class=\"vcex-milestone-desc\"><div class=\"vcex-milestone-number wpex-leading-none\"><span class=\"vcex-milestone-time vcex-countup\" data-options=\"{&quot;startVal&quot;:0,&quot;endVal&quot;:&quot;17616224.96&quot;,&quot;duration&quot;:2,&quot;decimals&quot;:2,&quot;separator&quot;:&quot;.&quot;,&quot;decimal&quot;:&quot;,&quot;,&quot;animateOnScroll&quot;:false}\" aria-hidden=\"true\"><\/span><span class=\"screen-reader-text\">17616224.96<\/span><\/div><\/div><\/div><\/div>[vc_column_text css=&#8221;&#8221; font_family=&#8221;Century Gothic, CenturyGothic, AppleGothic, sans-serif&#8221; font_weight=&#8221;400&#8243; el_class=&#8221;milestone-elementsb&#8221; text_align=&#8221;center&#8221; font_size=&#8221;20px&#8221;]kWh[\/vc_column_text][\/vc_column][vc_column css_animation=&#8221;fadeInRight&#8221; css=&#8221;.vc_custom_1734107634780{border-top-width: 3px !important;border-right-width: 3px !important;border-bottom-width: 3px !important;border-left-width: 3px !important;padding-top: 10px !important;padding-right: 10px !important;padding-bottom: 10px !important;padding-left: 10px !important;background-color: #FFFFFF !important;border-left-style: solid !important;border-right-style: solid !important;border-top-style: solid !important;border-bottom-style: solid !important;border-radius: 30px !important;border-color: #89CDA1 !important;}&#8221; el_class=&#8221;milestone-columns&#8221; offset=&#8221;vc_col-lg-3 vc_col-md-6&#8243;]<style>.vcex-image.vcex_69e07e06d0aa8 .vcex-image-inner{max-width:130px;}.vcex-image.vcex_69e07e06d0aa8 .vcex-image-img{height:130px;}<\/style><figure class=\"vcex-image vcex-module wpex-text-center vcex_69e07e06d0aa8\"><div class=\"vcex-image-inner wpex-relative wpex-inline-block vc_custom_1738075602130\"><img width=\"600\" height=\"600\" src=\"https:\/\/sei.rs\/images\/sei-projekti-smanjena-emisija-co2.webp\" class=\"vcex-image-img wpex-align-middle wpex-object-cover\" alt=\"\" loading=\"lazy\" decoding=\"async\" srcset=\"https:\/\/sei.rs\/images\/sei-projekti-smanjena-emisija-co2.webp 600w, https:\/\/sei.rs\/images\/sei-projekti-smanjena-emisija-co2-200x200.webp 200w, https:\/\/sei.rs\/images\/sei-projekti-smanjena-emisija-co2-150x150.webp 150w, https:\/\/sei.rs\/images\/sei-projekti-smanjena-emisija-co2-100x100.webp 100w\" sizes=\"auto, (max-width: 600px) 100vw, 600px\" \/><\/div><\/figure>[vc_column_text css=&#8221;.vc_custom_1739280686223{padding-bottom: 15px !important;}&#8221; text_align=&#8221;center&#8221; font_family=&#8221;Century Gothic, CenturyGothic, AppleGothic, sans-serif&#8221; font_weight=&#8221;500&#8243; el_class=&#8221;milestone-elementsg&#8221; font_size=&#8221;20px&#8221;]Projekat smanjuje emisiju CO<span style=\"font-size: 0.5em;\">2<\/span> za <span style=\"font-family: Quicksand; font-weight: bold; font-size: 2rem;\">71%<\/span> odnosno ukupno[\/vc_column_text]<style>.vcex-milestone.vcex_69e07e06d0eda .vcex-milestone-number{font-family:Quicksand;font-size:2rem;font-weight:700;}@media (max-width:959px){.vcex-milestone.vcex_69e07e06d0eda .vcex-milestone-number{font-size:2rem;}}<\/style><div class=\"vcex-module vcex-milestone wpex-text-center milestone-elementsg vcex_69e07e06d0eda\"><div class=\"vcex-milestone-inner wpex-inline-block\"><div class=\"vcex-milestone-desc\"><div class=\"vcex-milestone-number wpex-leading-none\"><span class=\"vcex-milestone-time vcex-countup\" data-options=\"{&quot;startVal&quot;:0,&quot;endVal&quot;:&quot;19360.23&quot;,&quot;duration&quot;:2,&quot;decimals&quot;:2,&quot;separator&quot;:&quot;.&quot;,&quot;decimal&quot;:&quot;,&quot;,&quot;animateOnScroll&quot;:false}\" aria-hidden=\"true\"><\/span><span class=\"screen-reader-text\">19360.23<\/span><\/div><\/div><\/div><\/div>[vc_column_text css=&#8221;.vc_custom_1739278145363{margin-bottom: 20px !important;}&#8221; text_align=&#8221;center&#8221; font_family=&#8221;Century Gothic, CenturyGothic, AppleGothic, sans-serif&#8221; font_weight=&#8221;500&#8243; el_class=&#8221;milestone-elementsg&#8221; font_size=&#8221;20px&#8221;]tona CO<span style=\"font-size: 0.5em;\">2<\/span>[\/vc_column_text][\/vc_column][vc_column css_animation=&#8221;fadeInRight&#8221; css=&#8221;.vc_custom_1734107637952{padding-top: 10px !important;padding-right: 10px !important;padding-bottom: 10px !important;padding-left: 10px !important;background-color: #55C5EC !important;border-radius: 30px !important;}&#8221; offset=&#8221;vc_col-lg-3 vc_col-md-6&#8243;]<style>.vcex-image.vcex_69e07e06d10e4 .vcex-image-inner{max-width:120px;}.vcex-image.vcex_69e07e06d10e4 .vcex-image-img{height:120px;}<\/style><figure class=\"vcex-image vcex-module wpex-text-center vcex_69e07e06d10e4\"><div class=\"vcex-image-inner wpex-relative wpex-inline-block vc_custom_1738075578198\"><img width=\"600\" height=\"600\" src=\"https:\/\/sei.rs\/images\/sei-projekti-upravljacki-sistemi.webp\" class=\"vcex-image-img wpex-align-middle wpex-object-cover\" alt=\"\" loading=\"lazy\" decoding=\"async\" srcset=\"https:\/\/sei.rs\/images\/sei-projekti-upravljacki-sistemi.webp 600w, https:\/\/sei.rs\/images\/sei-projekti-upravljacki-sistemi-100x100.webp 100w, https:\/\/sei.rs\/images\/sei-projekti-upravljacki-sistemi-200x200.webp 200w\" sizes=\"auto, (max-width: 600px) 100vw, 600px\" \/><\/div><\/figure>[vc_column_text css=&#8221;.vc_custom_1739280721995{padding-bottom: 15px !important;}&#8221; text_align=&#8221;center&#8221; font_family=&#8221;Century Gothic, CenturyGothic, AppleGothic, sans-serif&#8221; font_weight=&#8221;500&#8243; el_class=&#8221;milestone-elements&#8221; font_size=&#8221;20px&#8221;]Implementirano <span style=\"font-family: Quicksand; font-weight: bold; font-size: 2rem;\">3.419<\/span> Schreder svetiljki i <span style=\"font-family: Quicksand; font-weight: bold; font-size: 2rem;\">113<\/span> upravlja\u010dkih sistema.<br \/>\n202% BOLJA OSVETLJENOST[\/vc_column_text][\/vc_column][vc_column css_animation=&#8221;fadeInRight&#8221; css=&#8221;.vc_custom_1734107640674{padding-top: 10px !important;padding-right: 10px !important;padding-bottom: 10px !important;padding-left: 10px !important;background-color: #89CDA1 !important;border-radius: 30px !important;}&#8221; el_class=&#8221;milestone-columns&#8221; offset=&#8221;vc_col-lg-3 vc_col-md-6&#8243;]<style>.vcex-image.vcex_69e07e06d150f .vcex-image-inner{max-width:140px;}.vcex-image.vcex_69e07e06d150f .vcex-image-img{height:140px;}<\/style><figure class=\"vcex-image vcex-module wpex-text-center vcex_69e07e06d150f\"><div class=\"vcex-image-inner wpex-relative wpex-inline-block vc_custom_1738075744558\"><img width=\"600\" height=\"600\" src=\"https:\/\/sei.rs\/images\/sei-projekti-usteda.webp\" class=\"vcex-image-img wpex-align-middle wpex-object-cover\" alt=\"\" loading=\"lazy\" decoding=\"async\" srcset=\"https:\/\/sei.rs\/images\/sei-projekti-usteda.webp 600w, https:\/\/sei.rs\/images\/sei-projekti-usteda-100x100.webp 100w\" sizes=\"auto, (max-width: 600px) 100vw, 600px\" \/><\/div><\/figure>[vc_column_text css=&#8221;.vc_custom_1739280760692{padding-bottom: 15px !important;}&#8221; text_align=&#8221;center&#8221; font_family=&#8221;Century Gothic, CenturyGothic, AppleGothic, sans-serif&#8221; font_weight=&#8221;500&#8243; el_class=&#8221;milestone-elements&#8221; font_size=&#8221;20px&#8221;]Dosada\u0161nja ostvarena finansijska u\u0161teda za javnog partnera <span style=\"font-family: Quicksand; font-weight: bold; font-size: 2rem;\">360.976,05\u20ac<\/span>[\/vc_column_text][\/vc_column][vc_column css_animation=&#8221;fadeInRight&#8221; css=&#8221;.vc_custom_1734107643000{border-top-width: 3px !important;border-right-width: 3px !important;border-bottom-width: 3px !important;border-left-width: 3px !important;padding-top: 10px !important;padding-right: 10px !important;padding-bottom: 10px !important;padding-left: 10px !important;background-color: #FFFFFF !important;border-left-style: solid !important;border-right-style: solid !important;border-top-style: solid !important;border-bottom-style: solid !important;border-radius: 30px !important;border-color: #55C5EC !important;}&#8221; offset=&#8221;vc_col-lg-3 vc_col-md-6&#8243;][vc_column_text css=&#8221;.vc_custom_1739278496992{padding-bottom: 5px !important;}&#8221; text_align=&#8221;left&#8221; font_family=&#8221;Century Gothic, CenturyGothic, AppleGothic, sans-serif&#8221; font_weight=&#8221;500&#8243; el_class=&#8221;milestone-elementsb&#8221; font_size=&#8221;20px&#8221;]Faza pripreme[\/vc_column_text]<style>.vcex-skillbar-wrap.vcex_69e07e06d1a17 .vcex-skillbar-bar{background-color:#55c5ec;}.vcex-skillbar-wrap.vcex_69e07e06d1a17 .vcex-skillbar-title{color:#333333;}.vcex-skillbar-wrap.vcex_69e07e06d1a17 .vcex-skill-bar-percent{font-size:1rem;}<\/style><div class=\"vcex-module vcex-skillbar-wrap wpex-mb-10 vcex-skillbar-style-default vcex_69e07e06d1a17\"><div class=\"vcex-skillbar vcex-skillbar--animated wpex-block wpex-relative wpex-surface-2 wpex-shadow-inner wpex-text-white wpex-rounded-full wpex-overflow-hidden\" data-percent=\"100&#037;\"><div class=\"vcex-skillbar-bar wpex-relative wpex-w-0 wpex-h-100 wpex-bg-accent wpex-text-white wpex-transition-width wpex-duration-700 wpex-rounded-full\"><div class=\"vcex-skill-bar-percent wpex-absolute wpex-top-50 -wpex-translate-y-50 wpex-right-0 wpex-mr-15\">100&#37;<\/div><\/div><div class=\"vcex-skillbar-title wpex-absolute wpex-top-50 -wpex-translate-y-50 wpex-left-0\"><div class=\"vcex-skillbar-title-inner wpex-px-15\"><\/div><\/div><\/div><\/div>[vc_column_text css=&#8221;.vc_custom_1739278484997{padding-bottom: 5px !important;}&#8221; text_align=&#8221;left&#8221; font_family=&#8221;Century Gothic, CenturyGothic, AppleGothic, sans-serif&#8221; font_weight=&#8221;500&#8243; el_class=&#8221;milestone-elementsb&#8221; font_size=&#8221;20px&#8221;]Faza implementacije[\/vc_column_text]<style>.vcex-skillbar-wrap.vcex_69e07e06d1bb8 .vcex-skillbar-bar{background-color:#55c5ec;}.vcex-skillbar-wrap.vcex_69e07e06d1bb8 .vcex-skillbar-title{color:#333333;}.vcex-skillbar-wrap.vcex_69e07e06d1bb8 .vcex-skill-bar-percent{font-size:1rem;}<\/style><div class=\"vcex-module vcex-skillbar-wrap wpex-mb-10 vcex-skillbar-style-default vcex_69e07e06d1bb8\"><div class=\"vcex-skillbar vcex-skillbar--animated wpex-block wpex-relative wpex-surface-2 wpex-shadow-inner wpex-text-white wpex-rounded-full wpex-overflow-hidden\" data-percent=\"100&#037;\"><div class=\"vcex-skillbar-bar wpex-relative wpex-w-0 wpex-h-100 wpex-bg-accent wpex-text-white wpex-transition-width wpex-duration-700 wpex-rounded-full\"><div class=\"vcex-skill-bar-percent wpex-absolute wpex-top-50 -wpex-translate-y-50 wpex-right-0 wpex-mr-15\">100&#37;<\/div><\/div><div class=\"vcex-skillbar-title wpex-absolute wpex-top-50 -wpex-translate-y-50 wpex-left-0\"><div class=\"vcex-skillbar-title-inner wpex-px-15\"><\/div><\/div><\/div><\/div>[vc_column_text css=&#8221;.vc_custom_1739278503757{padding-bottom: 5px !important;}&#8221; text_align=&#8221;left&#8221; font_family=&#8221;Century Gothic, CenturyGothic, AppleGothic, sans-serif&#8221; font_weight=&#8221;500&#8243; el_class=&#8221;milestone-elementsb&#8221; font_size=&#8221;20px&#8221;]Faza garantovanja[\/vc_column_text]<style>.vcex-skillbar-wrap.vcex_69e07e06d1d28 .vcex-skillbar-bar{background-color:#55c5ec;}.vcex-skillbar-wrap.vcex_69e07e06d1d28 .vcex-skillbar-title{color:#ffffff;}.vcex-skillbar-wrap.vcex_69e07e06d1d28 .vcex-skill-bar-percent{font-size:1rem;color:#55c5ec;}<\/style><div class=\"vcex-module vcex-skillbar-wrap wpex-mb-10 vcex-skillbar-style-default vcex_69e07e06d1d28\"><div class=\"vcex-skillbar vcex-skillbar--animated wpex-block wpex-relative wpex-surface-2 wpex-shadow-inner wpex-text-white wpex-rounded-full wpex-overflow-hidden\" data-percent=\"22&#037;\"><div class=\"vcex-skillbar-bar wpex-relative wpex-w-0 wpex-h-100 wpex-bg-accent wpex-text-white wpex-transition-width wpex-duration-700 wpex-rounded-full\"><div class=\"vcex-skill-bar-percent wpex-absolute wpex-top-50 -wpex-translate-y-50 wpex-right-0 wpex-mr-15\">22&#37;<\/div><\/div><div class=\"vcex-skillbar-title wpex-absolute wpex-top-50 -wpex-translate-y-50 wpex-left-0\"><div class=\"vcex-skillbar-title-inner wpex-px-15\">22.60%<\/div><\/div><\/div><\/div>[\/vc_column][vc_column css_animation=&#8221;fadeInRight&#8221; css=&#8221;.vc_custom_1739886113596{padding-top: 20px !important;padding-right: 20px !important;padding-bottom: 20px !important;padding-left: 20px !important;background-color: #89CDA1 !important;border-radius: 30px !important;}&#8221; offset=&#8221;vc_col-lg-3 vc_col-md-6&#8243;][vc_column_text css=&#8221;.vc_custom_1739277922792{padding-bottom: 15px !important;}&#8221; text_align=&#8221;center&#8221; font_family=&#8221;Century Gothic, CenturyGothic, AppleGothic, sans-serif&#8221; font_weight=&#8221;500&#8243; el_class=&#8221;milestone-elements&#8221; font_size=&#8221;20px&#8221;]Trenutno ostvarena u\u0161teda na projektu:[\/vc_column_text][vc_column_text css=&#8221;&#8221;]\r\n\t\t<div id=\"jellyfish-counter-shortcode-1776320006\"\r\n\t\t\tclass=\"jellyfish-counter\"\r\n\t\t\tdata-digits=\"10\"\r\n\t\t\tdata-format=\"\"\r\n\t\t\tdata-tenths=\"1\"\r\n\t\t\tdata-digit-height=\"40\"\r\n\t\t\tdata-digit-width=\"30\"\r\n\t\t\tdata-digit-padding=\"0\"\r\n\t\t\tdata-digit-style=\"\"\r\n\t\t\tdata-alignment=\"center\"\r\n\t\t\tdata-bustedness=\"2\"\r\n\t\t\tdata-flat=\"\"\r\n\t\t\tdata-wait-time=\"20\"\r\n\t\t\tdata-start-value=\"4314026\"\r\n\t\t\tdata-end-value=\"9999999999\"\r\n\t\t\tdata-direction=\"up\"\r\n\t\t\tdata-timestamp=\"\"\r\n\t\t\tdata-active=\"1\"\r\n\t\t\tdata-tick-multiplier=\"1\"\r\n\t\t\tdata-interval=\"23\">\r\n\t\t<\/div>\n[\/vc_column_text][vc_column_text css=&#8221;&#8221; font_family=&#8221;Century Gothic, CenturyGothic, AppleGothic, sans-serif&#8221; font_weight=&#8221;400&#8243; el_class=&#8221;milestone-elements&#8221; text_align=&#8221;center&#8221; font_size=&#8221;20px&#8221;]kWh[\/vc_column_text][\/vc_column][\/vc_row][vc_row content_placement=&#8221;middle&#8221; equal_height=&#8221;yes&#8221; css=&#8221;.vc_custom_1734107700541{margin-top: 40px !important;padding-right: 25% !important;padding-left: 25% !important;}&#8221;][vc_column css_animation=&#8221;fadeIn&#8221; css=&#8221;.vc_custom_1733144263085{padding-top: 30px !important;padding-bottom: 30px !important;}&#8221; animation_duration=&#8221;5&#8243;]<div class=\"wpex-template-shortcode\"><style type=\"text\/css\" data-type=\"vc_shortcodes-custom-css\">.vc_custom_1741679653856{padding-right: 15% !important;padding-left: 15% !important;}.vc_custom_1740066669631{padding-top: 40px !important;}<\/style><div class=\"vc_row wpb_row vc_row-fluid wpex-relative\"><div class=\"wpb_column vc_column_container vc_col-sm-12\"><div class=\"vc_column-inner\"><div class=\"wpb_wrapper\"><figure class=\"vcex-image vcex-module wpex-text-center\"><div class=\"vcex-image-inner wpex-relative wpex-inline-block vc_custom_1741679653856\"><img src=\"\/images\/sei-lets-seiv-together.webp\" class=\"vcex-image-img wpex-align-middle\" alt=\"\" load=\"lazy\"><\/div><\/figure><style>.vcex-button.vcex_69e07e06d2fdf{border-radius:var(--wpex-rounded-full);background:#55c5ec;color:#ffffff!important;width:250px;padding-block:8px;padding-inline:20px;margin-block:10px;font-size:1rem;font-family:'Century Gothic Font';font-weight:600;}.vcex-button.vcex_69e07e06d2fdf:hover{background:#89cda1!important;color:#ffffff!important;}<\/style><div class=\"vc_custom_1740066669631 wpex-clr\"><div class=\"theme-button-wrap textcenter theme-button-block-wrap wpex-block wpex-clear wpex-clr\"><a href=\"\/projekti\" class=\"vcex-button theme-button align-center block wpex-flex-shrink-0 vcex_69e07e06d2fdf\"><span class=\"vcex-button-inner theme-button-inner wpex-flex wpex-flex-wrap wpex-items-center wpex-justify-center\">SVI PROJEKTI<\/span><\/a><\/div><\/div> <\/div><\/div><\/div><\/div>\n<\/div>[\/vc_column][\/vc_row]\n<\/div>","protected":false},"excerpt":{"rendered":"Rekonstrukcija, racionalizacija i odr\u017eavanje javnog osvetljenja u naseljenim mestima grada \u0160ida Garantovana godi\u0161nja u\u0161teda elektri\u010dne energije 71%\u00a0odnosno 1355094.23 kWh Ukupna u\u0161teda elektri\u010dne energije projekta 17616224.96 kWh Projekat smanjuje emisiju CO2 za 71% odnosno ukupno 19360.23 tona CO2 Implementirano 3.419 Schreder svetiljki i 113 upravlja\u010dkih sistema. 202% BOLJA OSVETLJENOST Dosada\u0161nja ostvarena finansijska u\u0161teda za javnog partnera&hellip;","protected":false},"author":3,"featured_media":0,"parent":8001,"menu_order":0,"comment_status":"closed","ping_status":"closed","template":"","meta":{"footnotes":""},"categories":[31],"tags":[],"class_list":["post-7957","page","type-page","status-publish","hentry","category-projekti-hu","entry","no-media"],"_links":{"self":[{"href":"https:\/\/sei.rs\/hu\/wp-json\/wp\/v2\/pages\/7957","targetHints":{"allow":["GET"]}}],"collection":[{"href":"https:\/\/sei.rs\/hu\/wp-json\/wp\/v2\/pages"}],"about":[{"href":"https:\/\/sei.rs\/hu\/wp-json\/wp\/v2\/types\/page"}],"author":[{"embeddable":true,"href":"https:\/\/sei.rs\/hu\/wp-json\/wp\/v2\/users\/3"}],"replies":[{"embeddable":true,"href":"https:\/\/sei.rs\/hu\/wp-json\/wp\/v2\/comments?post=7957"}],"version-history":[{"count":1,"href":"https:\/\/sei.rs\/hu\/wp-json\/wp\/v2\/pages\/7957\/revisions"}],"predecessor-version":[{"id":8162,"href":"https:\/\/sei.rs\/hu\/wp-json\/wp\/v2\/pages\/7957\/revisions\/8162"}],"up":[{"embeddable":true,"href":"https:\/\/sei.rs\/hu\/wp-json\/wp\/v2\/pages\/8001"}],"wp:attachment":[{"href":"https:\/\/sei.rs\/hu\/wp-json\/wp\/v2\/media?parent=7957"}],"wp:term":[{"taxonomy":"category","embeddable":true,"href":"https:\/\/sei.rs\/hu\/wp-json\/wp\/v2\/categories?post=7957"},{"taxonomy":"post_tag","embeddable":true,"href":"https:\/\/sei.rs\/hu\/wp-json\/wp\/v2\/tags?post=7957"}],"curies":[{"name":"wp","href":"https:\/\/api.w.org\/{rel}","templated":true}]}}