{"id":7991,"date":"2024-12-16T11:59:56","date_gmt":"2024-12-16T10:59:56","guid":{"rendered":"https:\/\/sei.rs\/upitnik-za-gradove-i-opstine\/"},"modified":"2024-12-16T11:59:56","modified_gmt":"2024-12-16T10:59:56","slug":"upitnik-za-gradove-i-opstine","status":"publish","type":"page","link":"https:\/\/sei.rs\/hu\/upitnik-za-gradove-i-opstine\/","title":{"rendered":"Upitnik za gradove i op\u0161tine"},"content":{"rendered":"<div class=\"wpb-content-wrapper\">[vc_row css_animation=&#8221;none&#8221; full_width=&#8221;stretch_row&#8221; content_placement=&#8221;middle&#8221; column_spacing=&#8221;0px&#8221; equal_height=&#8221;yes&#8221; disable_element=&#8221;yes&#8221; css=&#8221;.vc_custom_1733489060723{margin-top: 40px !important;}&#8221;][vc_column css_animation=&#8221;none&#8221;][vc_column_text css_animation=&#8221;fadeIn&#8221; css=&#8221;&#8221; font_weight=&#8221;500&#8243;]\n<h4>Zainteresovani ste za saradnju? Popunite formu i na\u0161 tim \u0107e vas kontaktirati.<\/h4>\n[\/vc_column_text][\/vc_column][\/vc_row][vc_row disable_element=&#8221;yes&#8221; css=&#8221;.vc_custom_1733489057027{margin-top: 30px !important;margin-bottom: 30px !important;}&#8221;][vc_column css_animation=&#8221;fadeIn&#8221;][vc_column_text css=&#8221;&#8221;]\n<div class=\"wpcf7 no-js\" id=\"wpcf7-f8039-o1\" lang=\"hu-HU\" dir=\"ltr\" data-wpcf7-id=\"8039\">\n<div class=\"screen-reader-response\"><p role=\"status\" aria-live=\"polite\" aria-atomic=\"true\"><\/p> <ul><\/ul><\/div>\n<form action=\"\/hu\/wp-json\/wp\/v2\/pages\/7991#wpcf7-f8039-o1\" method=\"post\" class=\"wpcf7-form init\" aria-label=\"Kapcsolatfelv\u00e9teli \u0171rlap\" novalidate=\"novalidate\" data-status=\"init\">\n<fieldset class=\"hidden-fields-container\"><input type=\"hidden\" name=\"_wpcf7\" value=\"8039\" \/><input type=\"hidden\" name=\"_wpcf7_version\" value=\"6.1.5\" \/><input type=\"hidden\" name=\"_wpcf7_locale\" value=\"hu_HU\" \/><input type=\"hidden\" name=\"_wpcf7_unit_tag\" value=\"wpcf7-f8039-o1\" \/><input type=\"hidden\" name=\"_wpcf7_container_post\" value=\"0\" \/><input type=\"hidden\" name=\"_wpcf7_posted_data_hash\" value=\"\" \/><input type=\"hidden\" name=\"_uacf7_hidden_conditional_fields\" value=\"\" \/><input type=\"hidden\" name=\"_wpcf7_recaptcha_response\" value=\"\" \/>\n<\/fieldset>\n\t\t\t\t<style>\n\t\t\t\t\t.uacf7-uacf7style-8039 label {\n\t\t\t\t\t\tfont-size: 18px;font-family: Poppins;font-style: normal;font-weight: normal;\t\t\t\t\t}\n\n\t\t\t\t\t.uacf7-uacf7style-8039 input[type=\"email\"],\n\t\t\t\t\t.uacf7-uacf7style-8039 input[type=\"number\"],\n\t\t\t\t\t.uacf7-uacf7style-8039 input[type=\"password\"],\n\t\t\t\t\t.uacf7-uacf7style-8039 input[type=\"search\"],\n\t\t\t\t\t.uacf7-uacf7style-8039 input[type=\"tel\"],\n\t\t\t\t\t.uacf7-uacf7style-8039 input[type=\"text\"],\n\t\t\t\t\t.uacf7-uacf7style-8039 input[type=\"url\"],\n\t\t\t\t\t.uacf7-uacf7style-8039 input[type=\"date\"],\n\t\t\t\t\t.uacf7-uacf7style-8039 input[type=\"radio\"],\n\t\t\t\t\t.uacf7-uacf7style-8039 input[type=\"checkbox\"],\n\t\t\t\t\t.uacf7-uacf7style-8039 select,\n\t\t\t\t\t.uacf7-uacf7style-8039 textarea {\n\t\t\t\t\t\tfont-size: 16px;font-family: Quicksand;font-style: normal;font-weight: normal;border-style: solid!important;\t\t\t\t\t}\n\n\t\t\t\t\t.uacf7-uacf7style-8039 .wpcf7-radio span,\n\t\t\t\t\t.uacf7-uacf7style-8039 .wpcf7-checkbox span {\n\t\t\t\t\t\tfont-size: 16px;font-family: Quicksand;font-style: normal;font-weight: normal;\t\t\t\t\t}\n\n\t\t\t\t\t.uacf7-uacf7style-8039 textarea {\n\t\t\t\t\t\t\t\t\t\t\t}\n\n\t\t\t\t\t.wpcf7-form-control-wrap select {\n\t\t\t\t\t\twidth: 100%;\n\t\t\t\t\t}\n\n\t\t\t\t\t.uacf7-uacf7style-8039 input[type=\"submit\"] {\n\t\t\t\t\t\tcolor: #333333;background-color: #55c5ec;font-family: Quicksand;font-style: normal;font-weight: 500;border-style: none;border-radius: 30px;\t\t\t\t\t}\n\n\t\t\t\t\t.uacf7-uacf7style-8039 input[type=\"submit\"]:hover {\n\t\t\t\t\t\tcolor: #333333;background-color: #89cda1;\t\t\t\t\t}\n\n\t\t\t\t\t\t\t\t\t<\/style>\n\n\t\t\t\t<div class=\"uacf7-uacf7style uacf7-uacf7style-8039\"><div class=\"uacf7-form-wrapper-container uacf7-form-8039  uacf7-uacf7style uacf7-uacf7style-8039\"><div class=\"uacf7-row\"><div class=\"uacf7-col-6\"><label>Ime i Prezime*\n<span class=\"wpcf7-form-control-wrap\" data-name=\"ime\"><input size=\"40\" maxlength=\"400\" class=\"wpcf7-form-control wpcf7-text wpcf7-validates-as-required\" aria-required=\"true\" aria-invalid=\"false\" value=\"\" type=\"text\" name=\"ime\" \/><\/span><\/label><br><\/div><div class=\"uacf7-col-6\"><label>Email adresa*\n<span class=\"wpcf7-form-control-wrap\" data-name=\"email\"><input size=\"40\" maxlength=\"400\" class=\"wpcf7-form-control wpcf7-email wpcf7-validates-as-required wpcf7-text wpcf7-validates-as-email\" aria-required=\"true\" aria-invalid=\"false\" value=\"\" type=\"email\" name=\"email\" \/><\/span><\/label><br><\/div><\/div>\n<div class=\"uacf7-row\"><div class=\"uacf7-col-6\"><label>Naziv kompanije*\n<span class=\"wpcf7-form-control-wrap\" data-name=\"company\"><input size=\"40\" maxlength=\"400\" class=\"wpcf7-form-control wpcf7-text wpcf7-validates-as-required\" aria-required=\"true\" aria-invalid=\"false\" value=\"\" type=\"text\" name=\"company\" \/><\/span><\/label><br><\/div><div class=\"uacf7-col-6\"><label>Va\u0161a poruka*\n<span class=\"wpcf7-form-control-wrap\" data-name=\"poruka\"><textarea cols=\"40\" rows=\"1\" maxlength=\"2000\" class=\"wpcf7-form-control wpcf7-textarea wpcf7-validates-as-required\" aria-required=\"true\" aria-invalid=\"false\" name=\"poruka\"><\/textarea><\/span><\/label><br><\/div><\/div>\n<br><\/br>\n<input class=\"wpcf7-form-control wpcf7-submit has-spinner\" type=\"submit\" value=\"Po\u0161alji &gt;\" \/>\n<span id=\"wpcf7-69e352da41f9f-wrapper\" class=\"wpcf7-form-control-wrap honeypot-483-wrap\" style=\"display:none !important; visibility:hidden !important;\"><input type=\"hidden\" name=\"honeypot-483-time-start\" value=\"1776505562\"><input type=\"hidden\" name=\"honeypot-483-time-check\" value=\"4\"><label for=\"wpcf7-69e352da41f9f-field\" class=\"hp-message\">Please leave this field empty.<\/label><input id=\"wpcf7-69e352da41f9f-field\"  class=\"wpcf7-form-control wpcf7-text\" type=\"text\" name=\"honeypot-483\" value=\"\" size=\"40\" tabindex=\"-1\" autocomplete=\"new-password\" \/><\/span><\/div><\/div><div class=\"wpcf7-response-output\" aria-hidden=\"true\"><\/div>\n<\/form>\n<\/div>\n[\/vc_column_text][\/vc_column][\/vc_row][vc_row css_animation=&#8221;none&#8221; full_width=&#8221;stretch_row&#8221; content_placement=&#8221;middle&#8221; column_spacing=&#8221;0px&#8221; equal_height=&#8221;yes&#8221; css=&#8221;.vc_custom_1733154296559{margin-top: 40px !important;}&#8221;][vc_column css_animation=&#8221;none&#8221;][vc_column_text css_animation=&#8221;fadeIn&#8221; css=&#8221;&#8221; font_weight=&#8221;500&#8243;]\n<h4>Upitnik za gradove i op\u0161tine<\/h4>\n[\/vc_column_text][vc_column_text css_animation=&#8221;fadeIn&#8221; css=&#8221;.vc_custom_1733154688103{padding-top: 30px !important;padding-bottom: 15px !important;}&#8221; font_family=&#8221;Quicksand&#8221; font_weight=&#8221;400&#8243; text_align=&#8221;left&#8221;]SEI Upitnik za gradove i op\u0161tine<\/p>\n<p>Prvi korak u primeni modela JPP predstavlja izrada studije opravdanosti, \u010dime se defini\u0161e javni interes i dokazuje opravdanost projekta i predla\u017ee minimum tehni\u010dkih i ekonomskih uslova koje budu\u0107i privatni partner treba da ispuni.<\/p>\n<p>U cilju izrade studije opravdanosti na osnovu koje bi se analizirala potreba za realizacijom projekta javno-privatnog partnerstva, neophodni su slede\u0107i podaci, te Vas, u skladu sa tim, molimo da nam dostavite:<br \/>\n\u2022 Plan javnih nabavki za teku\u0107u godinu.<br \/>\n\u2022 Odluku o bud\u017eetu (bud\u017eet za teku\u0107u godinu sa pripadaju\u0107im rebalansima).<br \/>\n\u2022 Odluke o izvr\u0161enju bud\u017eeta za prethodne dve godine.<br \/>\n\u2022 Podatke o zadu\u017eenosti lokalne samouprave (krediti i dr.).<br \/>\n\u2022 Tro\u0161kove elektri\u010dne energije\/ra\u010dune za javno osvetljenje sa svakog mernog mesta za prethodnih godinu dana.<br \/>\n\u2022 Zbirne i pojedina\u010dne ra\u010dune za javno osvetljenje sa svakog mernog mesta za prethodnih godinu dana.<br \/>\n\u2022 Godi\u0161nje tro\u0161kove za odr\u017eavanje sistema javnog osvetljenja (teku\u0107a odr\u017eavanja, popravke, zamena sijalica i sl.).<br \/>\n\u2022 Vrednost va\u017ee\u0107eg ugovora za odr\u017eavanje sistema javnog osvetljenja.<br \/>\n\u2022 Ta\u010dan broj postoje\u0107ih svetiljki i trafostanica sistema javnog osvetljenja na teritoriji lokalne samouprave.<br \/>\n\u2022 Tip, snagu, efikasnost, \u017eivotni vek i druge tehni\u010dke karakteristike svetiljki sistema javnog osvetljenja na teritoriji lokalne samouprave predstavljenu po ulicama.<br \/>\n\u2022 Broj \u010dasova rada svetiljki na godi\u0161njem nivou.<br \/>\n\u2022 Druge podatke koji su dostupni lokalnoj samoupravi, a ti\u010du se javnog osvetljenja.[\/vc_column_text][\/vc_column][\/vc_row][vc_row css=&#8221;.vc_custom_1733154282697{margin-top: 30px !important;margin-bottom: 30px !important;}&#8221;][vc_column css_animation=&#8221;fadeIn&#8221;][vc_column_text css=&#8221;&#8221;]\n<div class=\"wpcf7 no-js\" id=\"wpcf7-f8037-o2\" lang=\"hu-HU\" dir=\"ltr\" data-wpcf7-id=\"8037\">\n<div class=\"screen-reader-response\"><p role=\"status\" aria-live=\"polite\" aria-atomic=\"true\"><\/p> <ul><\/ul><\/div>\n<form action=\"\/hu\/wp-json\/wp\/v2\/pages\/7991#wpcf7-f8037-o2\" method=\"post\" class=\"wpcf7-form init\" aria-label=\"Kapcsolatfelv\u00e9teli \u0171rlap\" novalidate=\"novalidate\" data-status=\"init\">\n<fieldset class=\"hidden-fields-container\"><input type=\"hidden\" name=\"_wpcf7\" value=\"8037\" \/><input type=\"hidden\" name=\"_wpcf7_version\" value=\"6.1.5\" \/><input type=\"hidden\" name=\"_wpcf7_locale\" value=\"hu_HU\" \/><input type=\"hidden\" name=\"_wpcf7_unit_tag\" value=\"wpcf7-f8037-o2\" \/><input type=\"hidden\" name=\"_wpcf7_container_post\" value=\"0\" \/><input type=\"hidden\" name=\"_wpcf7_posted_data_hash\" value=\"\" \/><input type=\"hidden\" name=\"_uacf7_hidden_conditional_fields\" value=\"\" \/><input type=\"hidden\" name=\"_wpcf7_recaptcha_response\" value=\"\" \/>\n<\/fieldset>\n\t\t\t\t<style>\n\t\t\t\t\t.uacf7-uacf7style-8037 label {\n\t\t\t\t\t\tfont-size: 18px;font-family: Poppins;font-style: normal;font-weight: normal;\t\t\t\t\t}\n\n\t\t\t\t\t.uacf7-uacf7style-8037 input[type=\"email\"],\n\t\t\t\t\t.uacf7-uacf7style-8037 input[type=\"number\"],\n\t\t\t\t\t.uacf7-uacf7style-8037 input[type=\"password\"],\n\t\t\t\t\t.uacf7-uacf7style-8037 input[type=\"search\"],\n\t\t\t\t\t.uacf7-uacf7style-8037 input[type=\"tel\"],\n\t\t\t\t\t.uacf7-uacf7style-8037 input[type=\"text\"],\n\t\t\t\t\t.uacf7-uacf7style-8037 input[type=\"url\"],\n\t\t\t\t\t.uacf7-uacf7style-8037 input[type=\"date\"],\n\t\t\t\t\t.uacf7-uacf7style-8037 input[type=\"radio\"],\n\t\t\t\t\t.uacf7-uacf7style-8037 input[type=\"checkbox\"],\n\t\t\t\t\t.uacf7-uacf7style-8037 select,\n\t\t\t\t\t.uacf7-uacf7style-8037 textarea {\n\t\t\t\t\t\tfont-size: 16px;font-family: Quicksand;font-style: normal;font-weight: normal;border-style: solid!important;\t\t\t\t\t}\n\n\t\t\t\t\t.uacf7-uacf7style-8037 .wpcf7-radio span,\n\t\t\t\t\t.uacf7-uacf7style-8037 .wpcf7-checkbox span {\n\t\t\t\t\t\tfont-size: 16px;font-family: Quicksand;font-style: normal;font-weight: normal;\t\t\t\t\t}\n\n\t\t\t\t\t.uacf7-uacf7style-8037 textarea {\n\t\t\t\t\t\t\t\t\t\t\t}\n\n\t\t\t\t\t.wpcf7-form-control-wrap select {\n\t\t\t\t\t\twidth: 100%;\n\t\t\t\t\t}\n\n\t\t\t\t\t.uacf7-uacf7style-8037 input[type=\"submit\"] {\n\t\t\t\t\t\tcolor: #333333;background-color: #89cda1;font-family: Quicksand;font-style: normal;font-weight: 500;border-style: none;border-radius: 30px;\t\t\t\t\t}\n\n\t\t\t\t\t.uacf7-uacf7style-8037 input[type=\"submit\"]:hover {\n\t\t\t\t\t\tcolor: #333333;background-color: #55c5ec;\t\t\t\t\t}\n\n\t\t\t\t\t\t\t\t\t<\/style>\n\n\t\t\t\t<div class=\"uacf7-uacf7style uacf7-uacf7style-8037\"><div class=\"uacf7-form-wrapper-container uacf7-form-8037  uacf7-uacf7style uacf7-uacf7style-8037\"><div class=\"uacf7-row\"><div class=\"uacf7-col-6\"><label>Lokalna samouprava*\n<span class=\"wpcf7-form-control-wrap\" data-name=\"ls\"><input size=\"40\" maxlength=\"400\" class=\"wpcf7-form-control wpcf7-text wpcf7-validates-as-required\" aria-required=\"true\" aria-invalid=\"false\" value=\"\" type=\"text\" name=\"ls\" \/><\/span><\/label><br><\/div><div class=\"uacf7-col-6\"><label>Adresa*\n<span class=\"wpcf7-form-control-wrap\" data-name=\"a\"><input size=\"40\" maxlength=\"400\" class=\"wpcf7-form-control wpcf7-text wpcf7-validates-as-required\" aria-required=\"true\" aria-invalid=\"false\" value=\"\" type=\"text\" name=\"a\" \/><\/span><\/label><br><\/div><\/div>\n<div class=\"uacf7-row\"><div class=\"uacf7-col-6\"><label>Kontakt osoba*\n<span class=\"wpcf7-form-control-wrap\" data-name=\"ko\"><input size=\"40\" maxlength=\"400\" class=\"wpcf7-form-control wpcf7-text wpcf7-validates-as-required\" aria-required=\"true\" aria-invalid=\"false\" value=\"\" type=\"text\" name=\"ko\" \/><\/span><\/label><br><\/div><div class=\"uacf7-col-6\"><label>Kontakt telefon*\n<span class=\"wpcf7-form-control-wrap\" data-name=\"kt\"><input size=\"40\" maxlength=\"400\" class=\"wpcf7-form-control wpcf7-text wpcf7-validates-as-required\" aria-required=\"true\" aria-invalid=\"false\" value=\"\" type=\"text\" name=\"kt\" \/><\/span><\/label><br><\/div><\/div>\n<div class=\"uacf7-row\"><div class=\"uacf7-col-6\"><label>Email adresa*\n<span class=\"wpcf7-form-control-wrap\" data-name=\"ea\"><input size=\"40\" maxlength=\"400\" class=\"wpcf7-form-control wpcf7-email wpcf7-validates-as-required wpcf7-text wpcf7-validates-as-email\" aria-required=\"true\" aria-invalid=\"false\" value=\"\" type=\"email\" name=\"ea\" \/><\/span><\/label><br><\/div><\/div>\n<br><\/br>\n<input class=\"wpcf7-form-control wpcf7-submit has-spinner\" type=\"submit\" value=\"Po\u0161alji &gt;\" \/>\n<span id=\"wpcf7-69e352da42987-wrapper\" class=\"wpcf7-form-control-wrap honeypot-483-wrap\" style=\"display:none !important; visibility:hidden !important;\"><input type=\"hidden\" name=\"honeypot-483-time-start\" value=\"1776505562\"><input type=\"hidden\" name=\"honeypot-483-time-check\" value=\"4\"><label for=\"wpcf7-69e352da42987-field\" class=\"hp-message\">Please leave this field empty.<\/label><input id=\"wpcf7-69e352da42987-field\"  class=\"wpcf7-form-control wpcf7-text\" type=\"text\" name=\"honeypot-483\" value=\"\" size=\"40\" tabindex=\"-1\" autocomplete=\"new-password\" \/><\/span><\/div><\/div><div class=\"wpcf7-response-output\" aria-hidden=\"true\"><\/div>\n<\/form>\n<\/div>\n[\/vc_column_text][\/vc_column][\/vc_row][vc_row full_width=&#8221;stretch_row_content&#8221; column_spacing=&#8221;0px&#8221;][vc_column][vc_raw_html css=&#8221;&#8221;]JTNDaWZyYW1lJTIwc3JjJTNEJTIyaHR0cHMlM0ElMkYlMkZ3d3cuZ29vZ2xlLmNvbSUyRm1hcHMlMkZlbWJlZCUzRnBiJTNEJTIxMW0xNCUyMTFtOCUyMTFtMyUyMTFkMTQ5MjIuNDA0OTkzMTEwNSUyMTJkMjAuNDczNTk5MyUyMTNkNDQuNzk4NTc1NSUyMTNtMiUyMTFpMTAyNCUyMTJpNzY4JTIxNGYxMy4xJTIxM20zJTIxMW0yJTIxMXMweDQ3NWE3YWExYzgwNTRlMWQlMjUzQTB4YjFjZmQ0MGUxZThkZGU0MyUyMTJzU21hcnQlMjUyMEVuZXJneSUyNTIwSW52ZXN0bWVudCUyNTIwS2Z0JTI1MjBvZ3JhbmFrJTI1MjBTRUklMjUyMEJlb2dyYWQlMjE1ZTElMjEzbTIlMjExc3NyJTIxMnNycyUyMTR2MTczMzQ4OTI1NjgxMyUyMTVtMiUyMTFzc3IlMjEyc3JzJTIyJTIwd2lkdGglM0QlMjIxMDAlMjUlMjIlMjBoZWlnaHQlM0QlMjI0NTAlMjIlMjBzdHlsZSUzRCUyMmJvcmRlciUzQTAlM0IlMjIlMjBhbGxvd2Z1bGxzY3JlZW4lM0QlMjIlMjIlMjBsb2FkaW5nJTNEJTIybGF6eSUyMiUyMHJlZmVycmVycG9saWN5JTNEJTIybm8tcmVmZXJyZXItd2hlbi1kb3duZ3JhZGUlMjIlM0UlM0MlMkZpZnJhbWUlM0U=[\/vc_raw_html][\/vc_column][\/vc_row]\n<\/div>","protected":false},"excerpt":{"rendered":"<p>[vc_row css_animation=&#8221;none&#8221; full_width=&#8221;stretch_row&#8221; content_placement=&#8221;middle&#8221; column_spacing=&#8221;0px&#8221; equal_height=&#8221;yes&#8221; disable_element=&#8221;yes&#8221; css=&#8221;.vc_custom_1733489060723{margin-top: 40px !important;}&#8221;][vc_column css_animation=&#8221;none&#8221;][vc_column_text css_animation=&#8221;fadeIn&#8221; css=&#8221;&#8221; font_weight=&#8221;500&#8243;] Zainteresovani ste za saradnju? Popunite formu i na\u0161 tim \u0107e vas kontaktirati. [\/vc_column_text][\/vc_column][\/vc_row][vc_row disable_element=&#8221;yes&#8221; css=&#8221;.vc_custom_1733489057027{margin-top: 30px !important;margin-bottom: 30px !important;}&#8221;][vc_column css_animation=&#8221;fadeIn&#8221;][vc_column_text css=&#8221;&#8221;][\/vc_column_text][\/vc_column][\/vc_row][vc_row css_animation=&#8221;none&#8221; full_width=&#8221;stretch_row&#8221; content_placement=&#8221;middle&#8221; column_spacing=&#8221;0px&#8221; equal_height=&#8221;yes&#8221; css=&#8221;.vc_custom_1733154296559{margin-top: 40px !important;}&#8221;][vc_column css_animation=&#8221;none&#8221;][vc_column_text css_animation=&#8221;fadeIn&#8221; css=&#8221;&#8221; font_weight=&#8221;500&#8243;] Upitnik za gradove i op\u0161tine [\/vc_column_text][vc_column_text css_animation=&#8221;fadeIn&#8221; css=&#8221;.vc_custom_1733154688103{padding-top:&hellip;<\/p>\n","protected":false},"author":3,"featured_media":0,"parent":0,"menu_order":0,"comment_status":"closed","ping_status":"closed","template":"","meta":{"footnotes":""},"categories":[],"tags":[],"class_list":["post-7991","page","type-page","status-publish","hentry","entry","no-media"],"_links":{"self":[{"href":"https:\/\/sei.rs\/hu\/wp-json\/wp\/v2\/pages\/7991","targetHints":{"allow":["GET"]}}],"collection":[{"href":"https:\/\/sei.rs\/hu\/wp-json\/wp\/v2\/pages"}],"about":[{"href":"https:\/\/sei.rs\/hu\/wp-json\/wp\/v2\/types\/page"}],"author":[{"embeddable":true,"href":"https:\/\/sei.rs\/hu\/wp-json\/wp\/v2\/users\/3"}],"replies":[{"embeddable":true,"href":"https:\/\/sei.rs\/hu\/wp-json\/wp\/v2\/comments?post=7991"}],"version-history":[{"count":0,"href":"https:\/\/sei.rs\/hu\/wp-json\/wp\/v2\/pages\/7991\/revisions"}],"wp:attachment":[{"href":"https:\/\/sei.rs\/hu\/wp-json\/wp\/v2\/media?parent=7991"}],"wp:term":[{"taxonomy":"category","embeddable":true,"href":"https:\/\/sei.rs\/hu\/wp-json\/wp\/v2\/categories?post=7991"},{"taxonomy":"post_tag","embeddable":true,"href":"https:\/\/sei.rs\/hu\/wp-json\/wp\/v2\/tags?post=7991"}],"curies":[{"name":"wp","href":"https:\/\/api.w.org\/{rel}","templated":true}]}}