{"id":8017,"date":"2024-11-27T14:51:44","date_gmt":"2024-11-27T13:51:44","guid":{"rendered":"https:\/\/sei.rs\/thank-you\/"},"modified":"2024-11-27T14:51:44","modified_gmt":"2024-11-27T13:51:44","slug":"thank-you","status":"publish","type":"page","link":"https:\/\/sei.rs\/hu\/thank-you\/","title":{"rendered":"Thank You"},"content":{"rendered":"<div class=\"wpb-content-wrapper\">[vc_row full_width=&#8221;stretch_row&#8221; content_placement=&#8221;top&#8221; column_spacing=&#8221;20&#8243; gap=&#8221;20&#8243; css=&#8221;.vc_custom_1728996850532{padding-top: 100px !important;}&#8221;][vc_column visibility=&#8221;hidden&#8221; css=&#8221;.vc_custom_1728663994379{margin-bottom: 10px !important;}&#8221;][vc_column_text responsive_text=&#8221;true&#8221; css=&#8221;.vc_custom_1732715497162{margin-bottom: 20px !important;}&#8221; text_align=&#8221;left&#8221; font_size=&#8221;2xl&#8221; letter_spacing=&#8221;normal&#8221; font_weight=&#8221;400&#8243; line_height=&#8221;normal&#8221; color=&#8221;#24314f&#8221;]Po\u0161tovani,<\/p>\n<p>Hvala \u0161to ste popunili kontakt formu. Kontaktira\u0107emo Vas \u010dim budemo u mogu\u0107nosti.<\/p>\n<p>PPP Investment[\/vc_column_text][\/vc_column][\/vc_row]\n<\/div>","protected":false},"excerpt":{"rendered":"<p>[vc_row full_width=&#8221;stretch_row&#8221; content_placement=&#8221;top&#8221; column_spacing=&#8221;20&#8243; gap=&#8221;20&#8243; css=&#8221;.vc_custom_1728996850532{padding-top: 100px !important;}&#8221;][vc_column visibility=&#8221;hidden&#8221; css=&#8221;.vc_custom_1728663994379{margin-bottom: 10px !important;}&#8221;][vc_column_text responsive_text=&#8221;true&#8221; css=&#8221;.vc_custom_1732715497162{margin-bottom: 20px !important;}&#8221; text_align=&#8221;left&#8221; font_size=&#8221;2xl&#8221; letter_spacing=&#8221;normal&#8221; font_weight=&#8221;400&#8243; line_height=&#8221;normal&#8221; color=&#8221;#24314f&#8221;]Po\u0161tovani, Hvala \u0161to ste popunili kontakt formu. Kontaktira\u0107emo Vas \u010dim budemo u mogu\u0107nosti. PPP Investment[\/vc_column_text][\/vc_column][\/vc_row]<\/p>\n","protected":false},"author":3,"featured_media":0,"parent":0,"menu_order":0,"comment_status":"closed","ping_status":"closed","template":"","meta":{"footnotes":""},"categories":[],"tags":[],"class_list":["post-8017","page","type-page","status-publish","hentry","entry","no-media"],"_links":{"self":[{"href":"https:\/\/sei.rs\/hu\/wp-json\/wp\/v2\/pages\/8017","targetHints":{"allow":["GET"]}}],"collection":[{"href":"https:\/\/sei.rs\/hu\/wp-json\/wp\/v2\/pages"}],"about":[{"href":"https:\/\/sei.rs\/hu\/wp-json\/wp\/v2\/types\/page"}],"author":[{"embeddable":true,"href":"https:\/\/sei.rs\/hu\/wp-json\/wp\/v2\/users\/3"}],"replies":[{"embeddable":true,"href":"https:\/\/sei.rs\/hu\/wp-json\/wp\/v2\/comments?post=8017"}],"version-history":[{"count":0,"href":"https:\/\/sei.rs\/hu\/wp-json\/wp\/v2\/pages\/8017\/revisions"}],"wp:attachment":[{"href":"https:\/\/sei.rs\/hu\/wp-json\/wp\/v2\/media?parent=8017"}],"wp:term":[{"taxonomy":"category","embeddable":true,"href":"https:\/\/sei.rs\/hu\/wp-json\/wp\/v2\/categories?post=8017"},{"taxonomy":"post_tag","embeddable":true,"href":"https:\/\/sei.rs\/hu\/wp-json\/wp\/v2\/tags?post=8017"}],"curies":[{"name":"wp","href":"https:\/\/api.w.org\/{rel}","templated":true}]}}